{"id":924,"date":"2017-01-17T15:15:27","date_gmt":"2017-01-17T14:15:27","guid":{"rendered":"https:\/\/liege.aftt.be\/?page_id=924"},"modified":"2019-10-21T10:33:08","modified_gmt":"2019-10-21T09:33:08","slug":"stiga-masters","status":"publish","type":"page","link":"https:\/\/liege.aftt.be\/index.php\/competitions\/stiga-masters\/","title":{"rendered":"Stiga Masters"},"content":{"rendered":"<p><span style=\"text-decoration: underline;\"><strong>Edition 2019<\/strong><\/span><\/p>\n<p>Dates: 19 et 20 octobre 2019 &#8211; CFTT Blegny &#8211; <a href=\"https:\/\/liege.aftt.bewp-content\/uploads\/2019\/10\/inscriptions_stiga_masters_minimes_2019.pdf\">Liste des Participants<\/a><\/p>\n<p><img loading=\"lazy\" decoding=\"async\" class=\"alignnone  wp-image-3242\" src=\"https:\/\/liege.aftt.bewp-content\/uploads\/2019\/10\/Stiga-Masters-Minimes-2019-players-300x161.jpg\" alt=\"\" width=\"479\" height=\"257\" srcset=\"https:\/\/liege.aftt.be\/wp-content\/uploads\/2019\/10\/Stiga-Masters-Minimes-2019-players-300x161.jpg 300w, https:\/\/liege.aftt.be\/wp-content\/uploads\/2019\/10\/Stiga-Masters-Minimes-2019-players-768x411.jpg 768w, https:\/\/liege.aftt.be\/wp-content\/uploads\/2019\/10\/Stiga-Masters-Minimes-2019-players-1024x548.jpg 1024w\" sizes=\"(max-width: 479px) 100vw, 479px\" \/><\/p>\n<p><a href=\"https:\/\/liege.aftt.bewp-content\/uploads\/2019\/10\/Horaires-2019-filles.pdf\">Tableau Final filles 2019 (fin de la comp\u00e9tition)<\/a><\/p>\n<p><img loading=\"lazy\" decoding=\"async\" class=\"size-medium wp-image-3290 aligncenter\" src=\"https:\/\/liege.aftt.bewp-content\/uploads\/2019\/10\/Podium-Girls-2019-300x226.jpg\" alt=\"\" width=\"300\" height=\"226\" srcset=\"https:\/\/liege.aftt.be\/wp-content\/uploads\/2019\/10\/Podium-Girls-2019-300x226.jpg 300w, https:\/\/liege.aftt.be\/wp-content\/uploads\/2019\/10\/Podium-Girls-2019-768x579.jpg 768w, https:\/\/liege.aftt.be\/wp-content\/uploads\/2019\/10\/Podium-Girls-2019.jpg 868w\" sizes=\"(max-width: 300px) 100vw, 300px\" \/><\/p>\n<ol>\n<li>L\u00e9ana HOCHART (FRA), 2. Ga\u00ebtane BLED (FRA),<br \/>\n3.\u00a0 Eseniia SHIROKOVA (RUS), 4. Maria BERZOSA (SPA)<\/li>\n<\/ol>\n<p><a href=\"https:\/\/liege.aftt.bewp-content\/uploads\/2019\/10\/Horaires-2019-boys.pdf\">Tableau Final Gar\u00e7ons 2019 (fin de la comp\u00e9tition)<\/a><\/p>\n<p><img loading=\"lazy\" decoding=\"async\" class=\"size-medium wp-image-3289 aligncenter\" src=\"https:\/\/liege.aftt.bewp-content\/uploads\/2019\/10\/Podium-Boys-2019-287x300.jpg\" alt=\"\" width=\"287\" height=\"300\" srcset=\"https:\/\/liege.aftt.be\/wp-content\/uploads\/2019\/10\/Podium-Boys-2019-287x300.jpg 287w, https:\/\/liege.aftt.be\/wp-content\/uploads\/2019\/10\/Podium-Boys-2019.jpg 633w\" sizes=\"(max-width: 287px) 100vw, 287px\" \/><\/p>\n<ol>\n<li>Tiago ABIODUN (POR), 2. Ivan ROMANENKO (RUS),<br \/>\n3.\u00a0 Ivan KAHN (NED), 4. Patrick PODAR (ROU)<\/li>\n<\/ol>\n<p><a href=\"https:\/\/liege.aftt.bewp-content\/uploads\/2019\/10\/Stiga-masters-minimes-2019-girlsA.pdf\">Groupe Filles A (fin du groupe)<\/a><\/p>\n<p><a href=\"https:\/\/liege.aftt.bewp-content\/uploads\/2019\/10\/Stiga-masters-minimes-2019-girlsB.pdf\">Groupe Filles B (fin du groupe)<\/a><\/p>\n<p><a href=\"https:\/\/liege.aftt.bewp-content\/uploads\/2019\/10\/Stiga-masters-minimes-2019-boysA.pdf\">Groupe Gar\u00e7ons A (fin du groupe)<\/a><\/p>\n<p><a href=\"https:\/\/liege.aftt.bewp-content\/uploads\/2019\/10\/Stiga-masters-minimes-2019-boysB.pdf\">Groupe Gar\u00e7ons B (fin du groupe)<\/a><\/p>\n<p>Photos of Michael LOVEDER : <a id=\"m_7001859911950537910LPlnk119430\" href=\"https:\/\/www.flickr.com\/photos\/veteranstt\/albums\/72157711406093052\" target=\"_blank\" rel=\"noopener noreferrer\" data-saferedirecturl=\"https:\/\/www.google.com\/url?q=https:\/\/www.flickr.com\/photos\/veteranstt\/albums\/72157711406093052&amp;source=gmail&amp;ust=1571589055160000&amp;usg=AFQjCNFFi-LIPMH8eG8ZuMcXvMY9nt5Bgg\">https:\/\/www.flickr.com\/photos\/<wbr \/>veteranstt\/albums\/<wbr \/>72157711406093052<\/a><\/p>\n<p><span style=\"text-decoration: underline;\"><strong>Edition 2018<\/strong><\/span><\/p>\n<p>Dates: 20 et 21 octobre 2018 &#8211; CFTT Blegny &#8211; <a href=\"https:\/\/liege.aftt.bewp-content\/uploads\/2017\/01\/inscriptions_stiga_masters_minimes_2018.pdf\">Liste des participants<\/a><\/p>\n<p><a href=\"https:\/\/liege.aftt.bewp-content\/uploads\/2017\/01\/players-2018.jpg\"><img loading=\"lazy\" decoding=\"async\" class=\"alignnone wp-image-2728\" src=\"https:\/\/liege.aftt.bewp-content\/uploads\/2017\/01\/players-2018-300x169.jpg\" alt=\"\" width=\"476\" height=\"268\" srcset=\"https:\/\/liege.aftt.be\/wp-content\/uploads\/2017\/01\/players-2018-300x169.jpg 300w, https:\/\/liege.aftt.be\/wp-content\/uploads\/2017\/01\/players-2018-768x433.jpg 768w, https:\/\/liege.aftt.be\/wp-content\/uploads\/2017\/01\/players-2018-1024x577.jpg 1024w\" sizes=\"(max-width: 476px) 100vw, 476px\" \/><\/a><\/p>\n<p>Pictures of Michael Loveder : <a href=\"https:\/\/www.flickr.com\/photos\/veteranstt\/albums\/72157702445257024\" target=\"_blank\" rel=\"noopener noreferrer\">https:\/\/www.flickr.com\/photos\/veteranstt\/albums\/72157702445257024<\/a><\/p>\n<p>Tableaux finaux du dimanche<\/p>\n<p><a href=\"https:\/\/liege.aftt.bewp-content\/uploads\/2017\/01\/Final-Draw-Boys-2018.pdf\">Final Draw Boys 2018\u00a0(<\/a><a href=\"https:\/\/liege.aftt.bewp-content\/uploads\/2017\/01\/Final-Draw-Boys-2018.pdf\">fin de la comp\u00e9tition)<\/a><\/p>\n<p><a href=\"https:\/\/liege.aftt.bewp-content\/uploads\/2017\/01\/Podiums-Boys.jpg\"><img loading=\"lazy\" decoding=\"async\" class=\"alignnone wp-image-2800\" src=\"https:\/\/liege.aftt.bewp-content\/uploads\/2017\/01\/Podiums-Boys-300x102.jpg\" alt=\"\" width=\"474\" height=\"161\" srcset=\"https:\/\/liege.aftt.be\/wp-content\/uploads\/2017\/01\/Podiums-Boys-300x102.jpg 300w, https:\/\/liege.aftt.be\/wp-content\/uploads\/2017\/01\/Podiums-Boys-768x262.jpg 768w, https:\/\/liege.aftt.be\/wp-content\/uploads\/2017\/01\/Podiums-Boys-1024x350.jpg 1024w\" sizes=\"(max-width: 474px) 100vw, 474px\" \/><\/a><\/p>\n<ol>\n<li>Luca OPREA (ROU), 2. Flavien COTON (FRA), 3. Roman VINOGRADOV (RUS), 4. Nikon SHUTOV (BLR)<\/li>\n<\/ol>\n<p><a href=\"https:\/\/liege.aftt.bewp-content\/uploads\/2017\/01\/Final-Draw-Girls-2018.pdf\">Final Draw Girls 2018\u00a0(fin de la comp\u00e9tition)<\/a><\/p>\n<p><a href=\"https:\/\/liege.aftt.bewp-content\/uploads\/2017\/01\/Podiums-Girls.jpg\"><img loading=\"lazy\" decoding=\"async\" class=\"alignnone wp-image-2801\" src=\"https:\/\/liege.aftt.bewp-content\/uploads\/2017\/01\/Podiums-Girls-300x114.jpg\" alt=\"\" width=\"471\" height=\"179\" srcset=\"https:\/\/liege.aftt.be\/wp-content\/uploads\/2017\/01\/Podiums-Girls-300x114.jpg 300w, https:\/\/liege.aftt.be\/wp-content\/uploads\/2017\/01\/Podiums-Girls-768x292.jpg 768w, https:\/\/liege.aftt.be\/wp-content\/uploads\/2017\/01\/Podiums-Girls-1024x390.jpg 1024w\" sizes=\"(max-width: 471px) 100vw, 471px\" \/><\/a><\/p>\n<ol>\n<li>\u00a0Bianca MEI-ROSU (ROU), 2. Lemonia GKAINTATZI (GRE), 3. Elise PUJOL (FRA), 4. Olha PONKO (UKR)<\/li>\n<\/ol>\n<p>Tableaux des groupes du samedi &#8211; Groups of the saturday<\/p>\n<p><a href=\"https:\/\/liege.aftt.bewp-content\/uploads\/2017\/01\/Stiga-masters-minimes-2018-boysA.pdf\" target=\"_blank\" rel=\"noopener noreferrer\">Boys Group A (fin du groupe)<\/a><\/p>\n<p><a href=\"https:\/\/liege.aftt.bewp-content\/uploads\/2017\/01\/Stiga-masters-minimes-2018-boysB.pdf\" target=\"_blank\" rel=\"noopener noreferrer\">Boys Group B (fin du groupe)<\/a><\/p>\n<p><a href=\"https:\/\/liege.aftt.bewp-content\/uploads\/2017\/01\/Stiga-masters-minimes-2018-girlsA.pdf\" target=\"_blank\" rel=\"noopener noreferrer\">Girls Group A (fin du groupe)<\/a><\/p>\n<p><a href=\"https:\/\/liege.aftt.bewp-content\/uploads\/2017\/01\/Stiga-masters-minimes-2018-girlsB.pdf\">Girls Group B\u00a0(fin du groupe)<\/a><\/p>\n<p><strong>Palmar\u00e8s de 2006 \u00e0 2019<\/strong><\/p>\n<p><a href=\"https:\/\/liege.aftt.bewp-content\/uploads\/2019\/10\/Stiga_Masters_Minimes_palmar\u00e8s-2006-2019.pdf\">Stiga_Masters_Minimes_palmar\u00e8s 2006-2019<\/a><\/p>\n<p><strong>Edition 2017<\/strong><\/p>\n<p>Dates: 28 et 29 octobre 2017 &#8211; CFTT Blegny &#8211; <a href=\"https:\/\/liege.aftt.bewp-content\/uploads\/2017\/01\/Affiche-stiga-masters-qualit\u00e9-dimage-inf\u00e9rieure.pdf\" target=\"_blank\" rel=\"noopener noreferrer\">Affiche <\/a>\u00a0&#8211; <a href=\"https:\/\/liege.aftt.bewp-content\/uploads\/2017\/01\/Affiche-stiga-masters-verso-fran\u00e7ais-qualit\u00e9-dimage-inf\u00e9rieure.pdf\" target=\"_blank\" rel=\"noopener noreferrer\">infos<\/a> &#8211; <a href=\"https:\/\/liege.aftt.bewp-content\/uploads\/2017\/01\/inscriptions-au-2017-10-03-2.pdf\" target=\"_blank\" rel=\"noopener noreferrer\">Liste des participants<\/a><\/p>\n<p><a href=\"https:\/\/liege.aftt.bewp-content\/uploads\/2017\/01\/20171028_095700.jpg\"><img loading=\"lazy\" decoding=\"async\" class=\"alignnone wp-image-1965\" src=\"https:\/\/liege.aftt.bewp-content\/uploads\/2017\/01\/20171028_095700-300x169.jpg\" alt=\"\" width=\"472\" height=\"266\" srcset=\"https:\/\/liege.aftt.be\/wp-content\/uploads\/2017\/01\/20171028_095700-300x169.jpg 300w, https:\/\/liege.aftt.be\/wp-content\/uploads\/2017\/01\/20171028_095700-768x432.jpg 768w, https:\/\/liege.aftt.be\/wp-content\/uploads\/2017\/01\/20171028_095700-1024x576.jpg 1024w\" sizes=\"(max-width: 472px) 100vw, 472px\" \/><\/a><\/p>\n<p>Tableaux des groupes du samedi &#8211; Groups of the saturday<\/p>\n<p><a href=\"https:\/\/liege.aftt.bewp-content\/uploads\/2017\/01\/Stiga-masters-minimes-2017-boysA.pdf\" target=\"_blank\" rel=\"noopener noreferrer\">Boys Group A (fin du groupe)<\/a><\/p>\n<p><a href=\"https:\/\/liege.aftt.bewp-content\/uploads\/2017\/01\/Stiga-masters-minimes-2017-boysB.pdf\" target=\"_blank\" rel=\"noopener noreferrer\">Boys Group B (fin du groupe)<\/a><\/p>\n<p><a href=\"https:\/\/liege.aftt.bewp-content\/uploads\/2017\/01\/Stiga-masters-minimes-2017-girlsA.pdf\" target=\"_blank\" rel=\"noopener noreferrer\">Girls Group A (fin du groupe)<\/a><\/p>\n<p><a href=\"https:\/\/liege.aftt.bewp-content\/uploads\/2017\/01\/Stiga-masters-minimes-2017-girlsB.pdf\" target=\"_blank\" rel=\"noopener noreferrer\">Girls Group B (fin du groupe)<\/a><\/p>\n<p>Tableaux finaux du dimanche &#8211; Main draws of the sunday<\/p>\n<p><a href=\"https:\/\/liege.aftt.bewp-content\/uploads\/2017\/01\/Boys-Main-Draw.pdf\" target=\"_blank\" rel=\"noopener noreferrer\">Boys Main Draw (final result)<\/a><\/p>\n<p><a href=\"https:\/\/liege.aftt.bewp-content\/uploads\/2017\/01\/Girls-Main-Draw.pdf\" target=\"_blank\" rel=\"noopener noreferrer\">Girls Main Draw (final result)<\/a><\/p>\n<p>Photos by Micha\u00ebl Loveder:\u00a0<a href=\"https:\/\/www.flickr.com\/photos\/veteranstt\/sets\/72157687138905141\">https:\/\/www.flickr.com\/photos\/veteranstt\/sets\/72157687138905141<\/a><\/p>\n<p><strong><br \/>\n<span style=\"text-decoration: underline;\">Edition 2016 et pr\u00e9c\u00e9dentes<\/span><\/strong><\/p>\n<p><a href=\"https:\/\/liege.aftt.bewp-content\/uploads\/2017\/01\/Stiga_Masters_Minimes_palmar\u00e8s.pdf\" target=\"_blank\" rel=\"noopener noreferrer\">Palmar\u00e8s &#8211; 2006 \u00e0 2016<\/a><\/p>\n<p><span style=\"text-decoration: underline;\">22 et 23 octobre 2016<\/span><\/p>\n<p><img loading=\"lazy\" decoding=\"async\" class=\"alignnone size-medium wp-image-1011\" src=\"https:\/\/liege.aftt.bewp-content\/uploads\/2017\/01\/Stiga-masters-minimes-2016-Photo-participants-300x225.jpg\" alt=\"Edition 2016\" width=\"300\" height=\"225\" srcset=\"https:\/\/liege.aftt.be\/wp-content\/uploads\/2017\/01\/Stiga-masters-minimes-2016-Photo-participants-300x225.jpg 300w, https:\/\/liege.aftt.be\/wp-content\/uploads\/2017\/01\/Stiga-masters-minimes-2016-Photo-participants-768x576.jpg 768w, https:\/\/liege.aftt.be\/wp-content\/uploads\/2017\/01\/Stiga-masters-minimes-2016-Photo-participants-1024x768.jpg 1024w\" sizes=\"(max-width: 300px) 100vw, 300px\" \/><\/p>\n<p><a href=\"https:\/\/liege.aftt.bewp-content\/uploads\/2017\/01\/2016-Stiga-masters-minimes-2016-girls_final_draw.pdf\" target=\"_blank\" rel=\"noopener noreferrer\">Tableau Filles<\/a><\/p>\n<p><a href=\"https:\/\/liege.aftt.bewp-content\/uploads\/2017\/01\/2016-Stiga-masters-minimes-2016-boys_final_draw.pdf\" target=\"_blank\" rel=\"noopener noreferrer\">Tableau Gar\u00e7ons<\/a><\/p>\n<p>Toutes les photos de l&rsquo;\u00e9dition 2016 &#8211; <a href=\"https:\/\/www.flickr.com\/photos\/veteranstt\/sets\/72157675559410775\" target=\"_blank\" rel=\"noopener noreferrer\">Lien<\/a>\u00a0&#8211; <a href=\"https:\/\/www.flickr.com\/photos\/veteranstt\/sets\/72157672085894583\" target=\"_blank\" rel=\"noopener noreferrer\">Lien<\/a><\/p>\n<p><strong>Saison 2015-2016<\/strong><\/p>\n<p><span style=\"text-decoration: underline;\">24 et 25 octobre 2015<\/span><\/p>\n<p><a href=\"https:\/\/liege.aftt.bewp-content\/uploads\/2017\/01\/2015-Tableau-final-Girls.pdf\" target=\"_blank\" rel=\"noopener noreferrer\">Tableau Filles<\/a><\/p>\n<p><a href=\"https:\/\/liege.aftt.bewp-content\/uploads\/2017\/01\/2015-Tableau-final-Boys.pdf\" target=\"_blank\" rel=\"noopener noreferrer\">Tableau Gar\u00e7ons<\/a><\/p>\n<p><img loading=\"lazy\" decoding=\"async\" class=\"alignnone size-medium wp-image-996\" src=\"https:\/\/liege.aftt.bewp-content\/uploads\/2017\/01\/2015-podium-filles-300x200.jpg\" alt=\"Podium Filles\" width=\"300\" height=\"200\" srcset=\"https:\/\/liege.aftt.be\/wp-content\/uploads\/2017\/01\/2015-podium-filles-300x200.jpg 300w, https:\/\/liege.aftt.be\/wp-content\/uploads\/2017\/01\/2015-podium-filles-768x512.jpg 768w, https:\/\/liege.aftt.be\/wp-content\/uploads\/2017\/01\/2015-podium-filles-1024x683.jpg 1024w\" sizes=\"(max-width: 300px) 100vw, 300px\" \/><img loading=\"lazy\" decoding=\"async\" class=\"alignnone size-medium wp-image-995\" src=\"https:\/\/liege.aftt.bewp-content\/uploads\/2017\/01\/2015-podium-gar\u00e7ons-300x200.jpg\" alt=\"Podium Gar\u00e7ons\" width=\"300\" height=\"200\" srcset=\"https:\/\/liege.aftt.be\/wp-content\/uploads\/2017\/01\/2015-podium-gar\u00e7ons-300x200.jpg 300w, https:\/\/liege.aftt.be\/wp-content\/uploads\/2017\/01\/2015-podium-gar\u00e7ons-768x512.jpg 768w, https:\/\/liege.aftt.be\/wp-content\/uploads\/2017\/01\/2015-podium-gar\u00e7ons-1024x683.jpg 1024w\" sizes=\"(max-width: 300px) 100vw, 300px\" \/><\/p>\n<p><strong>Saison 2014-2015<\/strong><\/p>\n<p><span style=\"text-decoration: underline;\">18 et 19 octobre 2014<\/span><\/p>\n<p><a href=\"https:\/\/liege.aftt.bewp-content\/uploads\/2017\/01\/2014-Stiga-masters-minimes-r\u00e9sultats-des-filles.pdf\" target=\"_blank\" rel=\"noopener noreferrer\">Tableau Filles<\/a><\/p>\n<p><a href=\"https:\/\/liege.aftt.bewp-content\/uploads\/2017\/01\/2014-Stiga-masters-minimes-r\u00e9sultats-des-gar\u00e7ons.pdf\" target=\"_blank\" rel=\"noopener noreferrer\">Tableau Gar\u00e7ons<\/a><\/p>\n","protected":false},"excerpt":{"rendered":"<p>Edition 2019 Dates: 19 et 20 octobre 2019 &#8211; CFTT Blegny &#8211; Liste des Participants Tableau Final filles 2019 (fin de la comp\u00e9tition) L\u00e9ana HOCHART (FRA), 2. Ga\u00ebtane BLED (FRA), 3.\u00a0 Eseniia SHIROKOVA (RUS), 4. Maria BERZOSA (SPA) Tableau Final Gar\u00e7ons 2019 (fin de la comp\u00e9tition) Tiago ABIODUN (POR), 2. Ivan ROMANENKO (RUS), 3.\u00a0 Ivan KAHN (NED), 4. Patrick PODAR<\/p>\n","protected":false},"author":1,"featured_media":0,"parent":506,"menu_order":0,"comment_status":"closed","ping_status":"closed","template":"","meta":{"footnotes":""},"_links":{"self":[{"href":"https:\/\/liege.aftt.be\/index.php\/wp-json\/wp\/v2\/pages\/924"}],"collection":[{"href":"https:\/\/liege.aftt.be\/index.php\/wp-json\/wp\/v2\/pages"}],"about":[{"href":"https:\/\/liege.aftt.be\/index.php\/wp-json\/wp\/v2\/types\/page"}],"author":[{"embeddable":true,"href":"https:\/\/liege.aftt.be\/index.php\/wp-json\/wp\/v2\/users\/1"}],"replies":[{"embeddable":true,"href":"https:\/\/liege.aftt.be\/index.php\/wp-json\/wp\/v2\/comments?post=924"}],"version-history":[{"count":91,"href":"https:\/\/liege.aftt.be\/index.php\/wp-json\/wp\/v2\/pages\/924\/revisions"}],"predecessor-version":[{"id":3302,"href":"https:\/\/liege.aftt.be\/index.php\/wp-json\/wp\/v2\/pages\/924\/revisions\/3302"}],"up":[{"embeddable":true,"href":"https:\/\/liege.aftt.be\/index.php\/wp-json\/wp\/v2\/pages\/506"}],"wp:attachment":[{"href":"https:\/\/liege.aftt.be\/index.php\/wp-json\/wp\/v2\/media?parent=924"}],"curies":[{"name":"wp","href":"https:\/\/api.w.org\/{rel}","templated":true}]}}