{"id":491,"date":"2016-09-23T13:28:22","date_gmt":"2016-09-23T12:28:22","guid":{"rendered":"https:\/\/liege.aftt.be\/?page_id=491"},"modified":"2024-09-05T09:59:41","modified_gmt":"2024-09-05T08:59:41","slug":"criteriums","status":"publish","type":"page","link":"https:\/\/liege.aftt.be\/index.php\/competitions\/criteriums\/","title":{"rendered":"Crit\u00e9riums"},"content":{"rendered":"<p><strong>Saison 2024-2025<\/strong><\/p>\n<p>24\/09\/24 Crit\u00e9rium Provincial Jeunes <a href=\"https:\/\/liege.aftt.be\/wp-content\/uploads\/2024\/09\/Affiche-Criterium-jeunes.pdf\">Affiche<\/a><\/p>\n<p><strong>Saison 2023-2024<\/strong><\/p>\n<p>28\/01\/24 PPM 4\u00e8me phase <a href=\"https:\/\/liege.aftt.be\/wp-content\/uploads\/2024\/01\/Affiche-PPM-phase-4-2023.pdf\">Affiche<\/a><\/p>\n<p>10\/12\/23 PPM 3\u00e8me phase <a href=\"https:\/\/liege.aftt.be\/wp-content\/uploads\/2023\/11\/Affiche-PPM-phase-3-2023-2.pdf\">Affiche <\/a><\/p>\n<p>02\/12\/23 PPM 2\u00e8me phase <a href=\"https:\/\/liege.aftt.be\/wp-content\/uploads\/2023\/11\/Affiche-PPM-phase-2-2023.pdf\">Affiche<\/a><\/p>\n<p>26\/11\/23 Crit\u00e9rium Provincial Seniors <a href=\"https:\/\/liege.aftt.be\/wp-content\/uploads\/2023\/10\/Affiche-criterium-seniors-2023.docx\">Affiche<\/a><\/p>\n<p>11\/11\/23 PPM 1\u00e8re phase <a href=\"https:\/\/liege.aftt.be\/wp-content\/uploads\/2023\/10\/Affiche-PPM-phase-1.pdf\">Affiche<\/a><\/p>\n<p>24\/09\/23 Crit\u00e9rium Provincial Jeunes <a href=\"https:\/\/liege.aftt.be\/wp-content\/uploads\/2023\/09\/Affiche-criterium-jeunes-2023.pdf\">Affiche<\/a><\/p>\n<p><strong>Saison 2022-2023<\/strong><\/p>\n<p>02\/04\/23 PPM 5\u00e8me phase <a href=\"https:\/\/liege.aftt.be\/wp-content\/uploads\/2023\/03\/Affiche-PPM-phase-5-2022.pdf\">Affiche<\/a><\/p>\n<p>05\/03\/23 PPM 4\u00e8me phase <a href=\"https:\/\/liege.aftt.be\/wp-content\/uploads\/2023\/03\/Affiche-PPM-phase-4-2022.pdf\">Affiche<\/a><\/p>\n<p>05\/02\/23 PPM 3\u00e8me phase <a href=\"https:\/\/liege.aftt.be\/wp-content\/uploads\/2022\/12\/Affiche-PPM-phase-3-2022.pdf\">Affiche<\/a><\/p>\n<p>4\/12\/22 PPM 2\u00e8me phase <a href=\"https:\/\/liege.aftt.be\/wp-content\/uploads\/2022\/11\/Affiche-PPM-phase-2-2022.doc.pdf\">Affiche<\/a><\/p>\n<p>20\/11\/22 Crit\u00e9riums Provinciaux Seniors <a href=\"https:\/\/liege.aftt.be\/wp-content\/uploads\/2022\/10\/affiche-criterium-senior-2022.docx\">Affiche<\/a><\/p>\n<p>11\/11\/22 PPM 1\u00e8re phase <a href=\"https:\/\/liege.aftt.be\/wp-content\/uploads\/2022\/10\/Affiche-PPM-phase-1.pdf\">Affiche<\/a><\/p>\n<p>25\/09\/22 Crit\u00e9rium Jeunes <a href=\"https:\/\/liege.aftt.be\/wp-content\/uploads\/2022\/08\/Affiche-criterium-jeunes.pdf\">Affiche<\/a><\/p>\n<p><strong>Saison 2021-2022<\/strong><\/p>\n<p>20\/03\/22 PPM 4\u00e8me phase <a href=\"https:\/\/liege.aftt.be\/wp-content\/uploads\/2022\/03\/Affiche-PPM-phase-4.pdf\">Affiche<\/a><\/p>\n<p>27\/02\/22 PPM 3\u00e8me phase <a href=\"https:\/\/liege.aftt.be\/wp-content\/uploads\/2022\/02\/Affiche-PPM-phase-3.pdf\">Affiche<\/a><\/p>\n<p>30\/01\/22 PPM 2\u00e8me phase <a href=\"https:\/\/liege.aftt.be\/wp-content\/uploads\/2022\/01\/Affiche-PPM-phase-2.pdf\">Affiche<\/a><\/p>\n<p>05\/12\/21 PPM 1\u00e8re phase <a href=\"https:\/\/liege.aftt.be\/wp-content\/uploads\/2021\/11\/Affiche-PPM-phase-1-2021-1.pdf\">Affiche <\/a><\/p>\n<p>21\/11 Crit\u00e9rium Senior <a href=\"https:\/\/liege.aftt.be\/wp-content\/uploads\/2021\/10\/affiche-criterium-senior-2021.docx\">affiche <\/a><a href=\"https:\/\/liege.aftt.be\/wp-content\/uploads\/2021\/11\/Resultats-criterium-seniors.pdf\">R\u00e9sultats<\/a><\/p>\n<p>24\/10 Crit\u00e9rium Jeunes <a href=\"https:\/\/liege.aftt.be\/wp-content\/uploads\/2021\/09\/Affiche-criterium-jeunes.docx\">Affiche<\/a> <a href=\"https:\/\/liege.aftt.be\/wp-content\/uploads\/2021\/12\/Resultats-Criterium-Jeunes.pdf\">R\u00e9sultats <\/a><\/p>\n<p><strong>Saison 2020-2021<\/strong><\/p>\n<p>10\/01 Masters Jeunes <a href=\"https:\/\/liege.aftt.be\/wp-content\/uploads\/2020\/12\/Affiche-MASTERS-PPM.pdf\">Affiche <\/a><\/p>\n<p>25\/10 Crit\u00e9rium Jeunes <a href=\"https:\/\/liege.aftt.be\/wp-content\/uploads\/2020\/10\/crit\u00e9rium-jeunes-2020-2021.doc\">affiche<\/a><\/p>\n<p>13\/12 PPM 1\u00e8re phase <a href=\"https:\/\/liege.aftt.be\/wp-content\/uploads\/2020\/11\/Affiche-PPM-phase.pdf\">Affiche<\/a><\/p>\n<p><strong>Saison 2019-2020<\/strong><\/p>\n<p>15\/03 PPM 4\u00e8me phase <a href=\"https:\/\/liege.aftt.bewp-content\/uploads\/2020\/02\/PPM-4-Blegny-1.docx\">affiche<\/a><\/p>\n<p>16\/02 PPM 3\u00e8me phase <a href=\"https:\/\/liege.aftt.bewp-content\/uploads\/2020\/01\/affiche-phase-3.docx\">affiche<\/a><\/p>\n<p>01\/12 PPM 2\u00e8me phase<a href=\"https:\/\/liege.aftt.bewp-content\/uploads\/2019\/11\/Affiche-PPM-phase-2.doc\"> affiche <\/a><\/p>\n<p>10\/11 &#8211; PPM 1\u00e8re phase <a href=\"https:\/\/liege.aftt.bewp-content\/uploads\/2019\/10\/Crit-PM-MIN-phase-1-2019-1.doc\">affiche 2<\/a><\/p>\n<p>13\/10 &#8211; Crit\u00e9rium Seniors\u00a0 <a href=\"https:\/\/liege.aftt.bewp-content\/uploads\/2019\/09\/affiche-crit\u00e9rium-s\u00e9nior.docx\">affiche <\/a><a href=\"https:\/\/liege.aftt.bewp-content\/uploads\/2019\/10\/R\u00e9sultats-crit\u00e9rium-s\u00e9nior.pdf\">R\u00e9s<\/a><a href=\"https:\/\/liege.aftt.bewp-content\/uploads\/2019\/10\/R\u00e9sultats-crit\u00e9rium-s\u00e9nior.pdf\">ultats <\/a><a href=\"https:\/\/liege.aftt.bewp-content\/uploads\/2019\/10\/podium-dames-C.pdf\">Dames C <\/a><a href=\"https:\/\/liege.aftt.bewp-content\/uploads\/2019\/10\/podium-serie-B.pdf\">Messieurs B <\/a><a href=\"https:\/\/liege.aftt.bewp-content\/uploads\/2019\/10\/PODIUM-MESSIEURS-D.pdf\">Messieurs D <\/a><a href=\"https:\/\/liege.aftt.bewp-content\/uploads\/2019\/10\/Podium-messieurs-C.pdf\">Messieurs C <\/a><a href=\"https:\/\/liege.aftt.bewp-content\/uploads\/2019\/10\/Podium-dame-B.pdf\">dames B <\/a><a href=\"https:\/\/liege.aftt.bewp-content\/uploads\/2019\/10\/Podium-dames-D.pdf\">Dames D <\/a><a href=\"https:\/\/liege.aftt.bewp-content\/uploads\/2019\/10\/Podium-messieurs-E.pdf\">Messieurs E<\/a><\/p>\n<p>29\/09 &#8211; Crit\u00e9rium Jeunes<a href=\"https:\/\/liege.aftt.bewp-content\/uploads\/2019\/09\/crit\u00e9rium-jeunes-2019-2020.doc\"> affiche <\/a><a href=\"https:\/\/liege.aftt.bewp-content\/uploads\/2019\/09\/R\u00e9sultats-crit\u00e9rium-jeunes.pdf\">R\u00e9sultats<\/a><\/p>\n<p><strong>Saison 2018-2019<\/strong><\/p>\n<p>17\/02 &#8211; Crit\u00e9rium Poussin PM M &#8211; 3\u00e8me phase <a href=\"https:\/\/liege.aftt.bewp-content\/uploads\/2019\/01\/ppm-phase-3.docx\" target=\"_blank\" rel=\"noopener noreferrer\">affiche<\/a><\/p>\n<p>13\/01 &#8211; Crit\u00e9rium provincial pr\u00e9minimes\u00a0 <a href=\"https:\/\/liege.aftt.bewp-content\/uploads\/2016\/09\/resultats-crit\u00e9rium-pm.xlsx\" target=\"_blank\" rel=\"noopener noreferrer\">r\u00e9sultats <\/a><\/p>\n<p>2\/12 &#8211; Crit\u00e9rium Poussin PM M &#8211; 2\u00e8me phase\u00a0 <a href=\"https:\/\/liege.aftt.bewp-content\/uploads\/2016\/09\/Crit-PM-MIN-phase-2-.docx\" target=\"_blank\" rel=\"noopener noreferrer\">affiche<\/a><\/p>\n<p>14\/10 &#8211; Crit\u00e9riums Provinciaux Dames et Messieurs <a href=\"https:\/\/liege.aftt.bewp-content\/uploads\/2016\/09\/annonce-crit\u00e9rium.doc\" target=\"_blank\" rel=\"noopener noreferrer\">Affiche\u00a0<\/a><a href=\"https:\/\/liege.aftt.bewp-content\/uploads\/2018\/10\/R\u00e9sultats-crit\u00e9riums.pdf\" target=\"_blank\" rel=\"noopener noreferrer\">R\u00e9sultats<\/a><\/p>\n<p>30\/09 &#8211; Crit\u00e9rium Poussin PM M &#8211; 1\u00e8re phase <a href=\"https:\/\/liege.aftt.bewp-content\/uploads\/2016\/09\/Annonce-crit\u00e9rium-jeunes-PM-MIN-phase-1.pdf\" target=\"_blank\" rel=\"noopener noreferrer\">Affiche<\/a><\/p>\n<p>30\/09 &#8211; Crit\u00e9rium Provincial Jeunes <a href=\"https:\/\/liege.aftt.bewp-content\/uploads\/2016\/09\/Annonce-crit\u00e9rium-jeunes-PM-MIN-phase-1.pdf\" target=\"_blank\" rel=\"noopener noreferrer\">Affiche \u00a0<\/a><a href=\"https:\/\/liege.aftt.bewp-content\/uploads\/2016\/09\/RESULTATS-DU-CRITERIUM-JEUNES.docx\" target=\"_blank\" rel=\"noopener noreferrer\">R\u00e9sultats<\/a><\/p>\n<p><strong>Saison 2017-2018<\/strong><\/p>\n<p>03\/12 &#8211; Crit\u00e9rium PM M &#8211; 2\u00e8me phase &#8211;\u00a0<a href=\"https:\/\/liege.aftt.bewp-content\/uploads\/2016\/09\/Crit-PM-MIN-phase-2-3-12.pdf\" target=\"_blank\" rel=\"noopener noreferrer\">Affiche<\/a> &#8211;\u00a0<a href=\"https:\/\/liege.aftt.bewp-content\/uploads\/2016\/09\/Crit\u00e9rium-Saint-nicolas-03-12-2017.pdf\" target=\"_blank\" rel=\"noopener noreferrer\">R\u00e9sultats<\/a><\/p>\n<p>26\/11 &#8211; Crit\u00e9rium s\u00e9niors Messieurs C\/B et Dames C\/B &#8211;\u00a0<a href=\"https:\/\/liege.aftt.bewp-content\/uploads\/2016\/09\/crit\u00e9rium-seniors-2017-2018-C-B.pdf\" target=\"_blank\" rel=\"noopener noreferrer\">Affiche<\/a> &#8211;<a href=\"https:\/\/liege.aftt.bewp-content\/uploads\/2016\/09\/Crit\u00e9rium-B-et-C-du-26-11-2017-R\u00e9sultats.pdf\" target=\"_blank\" rel=\"noopener noreferrer\">R\u00e9sultats<\/a><\/p>\n<p>19\/11 &#8211; Crit\u00e9rium s\u00e9niors Messieurs D\/E et Dames D &#8211;\u00a0<a href=\"https:\/\/liege.aftt.bewp-content\/uploads\/2016\/09\/crit\u00e9rium-seniors-2017-2018-E-D.pdf\" target=\"_blank\" rel=\"noopener noreferrer\">Affiche<\/a> &#8211;\u00a0<a href=\"https:\/\/liege.aftt.bewp-content\/uploads\/2016\/09\/Crit\u00e9rium-D-et-E-19-11-2017-R\u00e9sultats.pdf\" target=\"_blank\" rel=\"noopener noreferrer\">R\u00e9sultats<\/a><\/p>\n<p>08\/10 &#8211; Crit\u00e9rium Poussin PM M &#8211; 1\u00e8re phase &#8211;\u00a0<a href=\"https:\/\/liege.aftt.bewp-content\/uploads\/2016\/09\/Crit-PM-phase-1.pdf\" target=\"_blank\" rel=\"noopener noreferrer\">Affiche\u00a0<\/a>&#8211;\u00a0<a href=\"https:\/\/liege.aftt.bewp-content\/uploads\/2016\/09\/Resultats-du-crit-PM-M-081017.pdf\" target=\"_blank\" rel=\"noopener noreferrer\">R\u00e9sultats<\/a><\/p>\n<p>01\/10 &#8211; Crit\u00e9rium Provincial Jeunes &#8211;\u00a0<a href=\"https:\/\/liege.aftt.bewp-content\/uploads\/2016\/09\/crit\u00e9rium-jeunes-2017-2018.pdf\" target=\"_blank\" rel=\"noopener noreferrer\">Affiche<\/a> &#8211;\u00a0<a href=\"https:\/\/liege.aftt.bewp-content\/uploads\/2016\/09\/Crit\u00e9rium-jeune-01-10-2017-Resultats.pdf\" target=\"_blank\" rel=\"noopener noreferrer\">R\u00e9sultats<\/a><\/p>\n<p><strong>Saison 2016-2017<\/strong><\/p>\n<p>25\/09 &#8211; Crit\u00e9rium Jeunes &#8211; <a href=\"https:\/\/liege.aftt.bewp-content\/uploads\/2016\/09\/Crit\u00e9rium-Jeunes-25-09-R\u00e9sultats.pdf\" target=\"_blank\" rel=\"noopener noreferrer\">R\u00e9sultats<\/a><\/p>\n<p>30\/10 &#8211; Crit\u00e9rium PM\/M1 &#8211;\u00a0<a href=\"https:\/\/liege.aftt.bewp-content\/uploads\/2016\/09\/crit-ppm-phase-1.pdf\" target=\"_blank\" rel=\"noopener noreferrer\">Informations<\/a><\/p>\n<p>27\/11 &#8211; Crit\u00e9rium S\u00e9niors &#8211;\u00a0<a href=\"https:\/\/liege.aftt.bewp-content\/uploads\/2016\/09\/critrium-seniors-2016.pdf\" target=\"_blank\" rel=\"noopener noreferrer\">Informations<\/a>\u00a0&#8211; <a href=\"https:\/\/liege.aftt.bewp-content\/uploads\/2016\/09\/crit\u00e9rium-seniors-2016-R\u00e9sultats.pdf\" target=\"_blank\" rel=\"noopener noreferrer\">R\u00e9sultats<\/a><\/p>\n<p>04\/12 &#8211; Crit\u00e9rium PM\/M 2 &#8211; <a href=\"https:\/\/liege.aftt.bewp-content\/uploads\/2016\/09\/crit-ppm-phase-1-2-3.pdf\" target=\"_blank\" rel=\"noopener noreferrer\">Informations<\/a>\u00a0&#8211; <a href=\"https:\/\/liege.aftt.bewp-content\/uploads\/2016\/09\/PPM-Phase-2-R\u00e9sultats.pdf\" target=\"_blank\" rel=\"noopener noreferrer\">R\u00e9sultats<\/a><\/p>\n<p>19\/02 &#8211; Crit\u00e9rium PM\/M 3 &#8211; <a href=\"https:\/\/liege.aftt.bewp-content\/uploads\/2016\/09\/crit-ppm-phase-3-Annonce.pdf\" target=\"_blank\" rel=\"noopener noreferrer\">Informations<\/a><\/p>\n","protected":false},"excerpt":{"rendered":"<p>Saison 2024-2025 24\/09\/24 Crit\u00e9rium Provincial Jeunes Affiche Saison 2023-2024 28\/01\/24 PPM 4\u00e8me phase Affiche 10\/12\/23 PPM 3\u00e8me phase Affiche 02\/12\/23 PPM 2\u00e8me phase Affiche 26\/11\/23 Crit\u00e9rium Provincial Seniors Affiche 11\/11\/23 PPM 1\u00e8re phase Affiche 24\/09\/23 Crit\u00e9rium Provincial Jeunes Affiche Saison 2022-2023 02\/04\/23 PPM 5\u00e8me phase Affiche 05\/03\/23 PPM 4\u00e8me phase Affiche 05\/02\/23 PPM 3\u00e8me phase Affiche 4\/12\/22 PPM 2\u00e8me phase<\/p>\n","protected":false},"author":1,"featured_media":0,"parent":506,"menu_order":0,"comment_status":"closed","ping_status":"closed","template":"","meta":{"footnotes":""},"_links":{"self":[{"href":"https:\/\/liege.aftt.be\/index.php\/wp-json\/wp\/v2\/pages\/491"}],"collection":[{"href":"https:\/\/liege.aftt.be\/index.php\/wp-json\/wp\/v2\/pages"}],"about":[{"href":"https:\/\/liege.aftt.be\/index.php\/wp-json\/wp\/v2\/types\/page"}],"author":[{"embeddable":true,"href":"https:\/\/liege.aftt.be\/index.php\/wp-json\/wp\/v2\/users\/1"}],"replies":[{"embeddable":true,"href":"https:\/\/liege.aftt.be\/index.php\/wp-json\/wp\/v2\/comments?post=491"}],"version-history":[{"count":74,"href":"https:\/\/liege.aftt.be\/index.php\/wp-json\/wp\/v2\/pages\/491\/revisions"}],"predecessor-version":[{"id":4602,"href":"https:\/\/liege.aftt.be\/index.php\/wp-json\/wp\/v2\/pages\/491\/revisions\/4602"}],"up":[{"embeddable":true,"href":"https:\/\/liege.aftt.be\/index.php\/wp-json\/wp\/v2\/pages\/506"}],"wp:attachment":[{"href":"https:\/\/liege.aftt.be\/index.php\/wp-json\/wp\/v2\/media?parent=491"}],"curies":[{"name":"wp","href":"https:\/\/api.w.org\/{rel}","templated":true}]}}