{"id":489,"date":"2016-09-23T13:28:16","date_gmt":"2016-09-23T12:28:16","guid":{"rendered":"https:\/\/liege.aftt.be\/?page_id=489"},"modified":"2025-01-15T11:28:19","modified_gmt":"2025-01-15T10:28:19","slug":"cp-tour","status":"publish","type":"page","link":"https:\/\/liege.aftt.be\/index.php\/competitions\/cp-tour\/","title":{"rendered":"CP Tour et Tournois"},"content":{"rendered":"<p>Saison 2024-2025<\/p>\n<p>\u00a0<\/p>\n<p>09\/02\/2025 Tournoi de Vervia <img loading=\"lazy\" decoding=\"async\" class=\"alignnone size-medium wp-image-4665\" src=\"https:\/\/liege.aftt.be\/wp-content\/uploads\/2025\/01\/Affiche-Vervia-tournoi-225x300.png\" alt=\"\" width=\"225\" height=\"300\" srcset=\"https:\/\/liege.aftt.be\/wp-content\/uploads\/2025\/01\/Affiche-Vervia-tournoi-225x300.png 225w, https:\/\/liege.aftt.be\/wp-content\/uploads\/2025\/01\/Affiche-Vervia-tournoi.png 470w\" sizes=\"(max-width: 225px) 100vw, 225px\" \/><\/p>\n<p>26\/01\/2025 Tournoi de Dolhain <a href=\"https:\/\/liege.aftt.be\/wp-content\/uploads\/2025\/01\/Affiche-Dolhain.pdf\">Affiche<\/a><\/p>\n<p>19\/01\/2025 Masters Wanze <a href=\"https:\/\/liege.aftt.be\/wp-content\/uploads\/2025\/01\/Affiche-Masters-Wanze.docx\">Affiche<\/a><\/p>\n<p>22\/09\/2024 Masters Astrid <a href=\"https:\/\/liege.aftt.be\/wp-content\/uploads\/2024\/09\/Affiche-Astrid.pdf\">Affiche<\/a><\/p>\n<p>15\/09\/2024 Masters Vervia <a href=\"https:\/\/liege.aftt.be\/wp-content\/uploads\/2024\/09\/Affiche-Masters-Vervia.pdf\">Affiche <\/a><\/p>\n<p>08\/09\/2024 Masters Minerois <a href=\"https:\/\/liege.aftt.be\/wp-content\/uploads\/2024\/08\/Affiche-Minerois-1.pdf\">Affiche<\/a> <a href=\"https:\/\/liege.aftt.be\/wp-content\/uploads\/2024\/08\/Reglement-Master-Minerois.pdf\">R\u00e8glement<\/a><\/p>\n<p>31\/08\/2024 Tournoi Retinne <a href=\"https:\/\/liege.aftt.be\/wp-content\/uploads\/2024\/08\/Affiche-Retinne.odt\">Affiche <\/a><\/p>\n<p>Saison 2023-2024<\/p>\n<p>25\/02\/2024 Masters Dolhain <a href=\"https:\/\/liege.aftt.be\/wp-content\/uploads\/2024\/02\/Affiche-Dolhain.pdf\">Affiche<\/a><\/p>\n<p>18\/02\/2024 Masters Tinlot <a href=\"https:\/\/liege.aftt.be\/wp-content\/uploads\/2024\/02\/Affiche-Tinlot-masters.pdf\">Affiche <\/a><\/p>\n<p>11\/02\/2024 Tournoi Vervia <a href=\"https:\/\/liege.aftt.be\/wp-content\/uploads\/2024\/02\/Affiche-Vervia-tournoi.pdf\">Affiche <\/a><\/p>\n<p>21\/01\/2024 Masters Wanze <a href=\"https:\/\/liege.aftt.be\/wp-content\/uploads\/2023\/12\/Affiche-Wanze.pdf\">Affiche<\/a>\u00a0 \u00a0 <a href=\"https:\/\/liege.aftt.be\/wp-content\/uploads\/2023\/12\/Affiche-Wanze-Handi.pdf\">Affiche Handi<\/a><\/p>\n<p>19\/11\/2023 Tournoi Tinlot <a href=\"https:\/\/liege.aftt.be\/wp-content\/uploads\/2023\/10\/Affiche-Tinlot-tournoi.pdf\">Affiche<\/a><\/p>\n<p>12\/11\/2023 Masters Ti\u00e8ge <a href=\"https:\/\/liege.aftt.be\/wp-content\/uploads\/2023\/10\/Affiche-Tiege.pdf\">Affiche<\/a><\/p>\n<p>11\/11\/2023 Masters Clavier <a href=\"https:\/\/liege.aftt.be\/wp-content\/uploads\/2023\/10\/Affiche-Clavier.pdf\">Affiche<\/a><\/p>\n<p>29\/10\/2023 Masters Beyne <a href=\"https:\/\/liege.aftt.be\/wp-content\/uploads\/2023\/10\/Affiche-Beyne.pdf\">Affiche<\/a><\/p>\n<p>05\/11\/2023 Masters Angleur <a href=\"https:\/\/liege.aftt.be\/wp-content\/uploads\/2023\/10\/Affiche-Angleur.pdf\">Affiche<\/a><\/p>\n<p>01\/10\/2023 Masters Astrid <a href=\"https:\/\/liege.aftt.be\/wp-content\/uploads\/2023\/09\/Affiche-Astrid.pdf\">Affiche<\/a><\/p>\n<p>17\/09\/2023 Masters Vervia <a href=\"https:\/\/liege.aftt.be\/wp-content\/uploads\/2023\/09\/Affiche-Vervia.pdf\">Affiche <\/a><\/p>\n<p>10\/09\/2023 Tournoi Ans <a href=\"https:\/\/liege.aftt.be\/wp-content\/uploads\/2023\/08\/Affiche-Ans.pdf\">Affiche<\/a><\/p>\n<p>09\/09\/2023 Masters Minerois <a href=\"https:\/\/liege.aftt.be\/wp-content\/uploads\/2023\/08\/Affiche-Master-Minerois.pdf\">Affiche<\/a><\/p>\n<p>26\/08\/2023 Top Spin Retinne <a href=\"https:\/\/liege.aftt.be\/wp-content\/uploads\/2023\/07\/Affiche-Retinne.pdf\">Affiche<\/a><\/p>\n<p>R\u00e8glement des Masters et tournois <a href=\"https:\/\/liege.aftt.be\/wp-content\/uploads\/2023\/08\/Reglement-des-Masters.docx\">R\u00e8glement<\/a><\/p>\n<p>Saison 2022-2023<\/p>\n<p>27\/03\/2023 Classements Masters <a href=\"https:\/\/liege.aftt.be\/wp-content\/uploads\/2023\/03\/Resultats-Master-NC.pdf\">NC<\/a> <a href=\"https:\/\/liege.aftt.be\/wp-content\/uploads\/2023\/03\/Resultats-Master-E6-E4.pdf\">E6-E4<\/a> <a href=\"https:\/\/liege.aftt.be\/wp-content\/uploads\/2023\/03\/Resultats-Master-E2-E0.pdf\">E2-E0<\/a> <a href=\"https:\/\/liege.aftt.be\/wp-content\/uploads\/2023\/03\/Resultats-Master-D6-D4.pdf\">D6-D4<\/a> <a href=\"https:\/\/liege.aftt.be\/wp-content\/uploads\/2023\/03\/Resultats-Master-D2-D0.pdf\">D2-D0<\/a> <a href=\"https:\/\/liege.aftt.be\/wp-content\/uploads\/2023\/03\/Resultats-Master-C6-C4.pdf\">C6-C4<\/a> <a href=\"https:\/\/liege.aftt.be\/wp-content\/uploads\/2023\/03\/Resultats-Master-C2-C0.pdf\">C2-C0<\/a> <a href=\"https:\/\/liege.aftt.be\/wp-content\/uploads\/2023\/03\/Resultats-Master-B.pdf\">B<\/a><\/p>\n<p>09\/04\/2023 Masters 2 Angleur <a href=\"https:\/\/liege.aftt.be\/wp-content\/uploads\/2023\/03\/Affiche-Masters-Angleur-2.pdf\">Affiche <\/a><\/p>\n<p>02\/04\/2023 Masters 2 Vervia <a href=\"https:\/\/liege.aftt.be\/wp-content\/uploads\/2023\/03\/Affiche-Masters-Vervia-2.pdf\">Affiche<\/a><\/p>\n<p>12\/03\/2023 Masters Recht <a href=\"https:\/\/liege.aftt.be\/wp-content\/uploads\/2023\/03\/Affiche-Recht.pdf\">Affiche <\/a><\/p>\n<p>05\/03\/2023 Masters Dolhain <a href=\"https:\/\/liege.aftt.be\/wp-content\/uploads\/2023\/03\/Affiche-Masters-Dolhain.pdf\">Affiche<\/a><\/p>\n<p>19\/02\/2023 Masters Ans <a href=\"https:\/\/liege.aftt.be\/wp-content\/uploads\/2023\/01\/Affiche-Masters-Ans-2.pdf\">Affiche<\/a><\/p>\n<p>29\/01\/2023 Masters Saint Georges <a href=\"https:\/\/liege.aftt.be\/wp-content\/uploads\/2022\/12\/Affiche-Masters-Saint-Georges.pdf\">Affiche<\/a><\/p>\n<p>22\/01\/2023 Masters Wanze <a href=\"https:\/\/liege.aftt.be\/wp-content\/uploads\/2022\/12\/Affiche-Wanze.pdf\">Affiche<\/a><\/p>\n<p>18\/11\/2022 Masters Tinlot <a href=\"https:\/\/liege.aftt.be\/wp-content\/uploads\/2022\/11\/Affiche-Masters-Tinlot.pdf\">Affiche<\/a><\/p>\n<p>11\/12\/2022 Masters Vervia <a href=\"https:\/\/liege.aftt.be\/wp-content\/uploads\/2022\/11\/Affiche-Masters-Vervia.pdf\">Affiche<\/a><\/p>\n<p>27\/11\/2022 Masters Astrid <a href=\"https:\/\/liege.aftt.be\/wp-content\/uploads\/2022\/11\/Affiche-Masters-Astrid.pdf\">Affiche<\/a><\/p>\n<p>20\/11\/2022 Crit\u00e9riums Provinciaux Seniors <a href=\"https:\/\/liege.aftt.be\/wp-content\/uploads\/2022\/10\/affiche-criterium-senior-2022.docx\">Affiche<\/a><\/p>\n<p>13\/11\/2022 Masters Ti\u00e8ge <a href=\"https:\/\/liege.aftt.be\/wp-content\/uploads\/2022\/10\/Affiche-Masters-Tiege.pdf\">Affiche<\/a><\/p>\n<p>05\/11\/2022 Masters Ans <a href=\"https:\/\/liege.aftt.be\/wp-content\/uploads\/2022\/10\/Affiche-Masters-Ans.pdf\">Affiche<\/a><\/p>\n<p>30\/10\/2022 Masters Dison <a href=\"https:\/\/liege.aftt.be\/wp-content\/uploads\/2022\/09\/Affiche-Dison.pdf\">Affiche<\/a><\/p>\n<p>16\/10\/2022 Masters Angleur <a href=\"https:\/\/liege.aftt.be\/wp-content\/uploads\/2022\/09\/Affiche-Masters-Angleur.pdf\">Affiche <\/a><a href=\"https:\/\/liege.aftt.be\/wp-content\/uploads\/2022\/11\/Angleur-1.xlsx\">R\u00e9sultat 1 <\/a><a href=\"https:\/\/liege.aftt.be\/wp-content\/uploads\/2022\/11\/Angleur-2.xlsx\">R\u00e9sultat 2 <\/a><a href=\"https:\/\/liege.aftt.be\/wp-content\/uploads\/2022\/11\/Angleur-3.xlsx\">R\u00e9sultat 3 <\/a><a href=\"https:\/\/liege.aftt.be\/wp-content\/uploads\/2022\/11\/Angleur-4.xlsx\">R\u00e9sultat 4<\/a><\/p>\n<p>18\/09\/2022 RCTT Ans <a href=\"https:\/\/liege.aftt.be\/wp-content\/uploads\/2022\/08\/Affiche-Ans.pdf\">Affiche <\/a><a href=\"https:\/\/liege.aftt.be\/wp-content\/uploads\/2022\/09\/Resultats-Ans.pdf\">R\u00e9sultats<\/a><\/p>\n<p>11\/09\/2022 Masters Minerois <a href=\"https:\/\/liege.aftt.be\/wp-content\/uploads\/2022\/08\/Affiche-Minerois.pdf\">Affiche <\/a><a href=\"https:\/\/liege.aftt.be\/wp-content\/uploads\/2022\/11\/Minerois-1.xlsx\">R\u00e9sultats 1 <\/a><a href=\"https:\/\/liege.aftt.be\/wp-content\/uploads\/2022\/11\/Minerois-2.xlsx\">R\u00e9sultats 2 <\/a><a href=\"https:\/\/liege.aftt.be\/wp-content\/uploads\/2022\/11\/Minerois-3.xlsx\">R\u00e9sultats 3<\/a><a href=\"https:\/\/liege.aftt.be\/wp-content\/uploads\/2022\/11\/Minerois-4.xlsx\">R\u00e9sultats 4<\/a><\/p>\n<p>27\/08\/2022 Top Spin Retinne <a href=\"https:\/\/liege.aftt.be\/wp-content\/uploads\/2022\/07\/Retinne-affiche.pdf\">affiche <\/a><a href=\"https:\/\/liege.aftt.be\/wp-content\/uploads\/2022\/08\/Resultats-Retinne.pdf\">R\u00e9sultats<\/a><\/p>\n<p>Saison 2021-2022<\/p>\n<p>13\/03-2022 TTC Hollogne <a href=\"https:\/\/liege.aftt.be\/wp-content\/uploads\/2022\/02\/AFFICHE-Hollogne.pdf\">Affiche <\/a><a href=\"https:\/\/liege.aftt.be\/wp-content\/uploads\/2022\/03\/Resultats-Tournoi-Hollogne.pdf\">R\u00e9sultats<\/a><\/p>\n<p>23\/01\/2022 CP Tour Wanze <a href=\"https:\/\/liege.aftt.be\/wp-content\/uploads\/2021\/12\/RTTC-Wanze-CPTour-2022-affiche.docx\">affiche <\/a><a href=\"https:\/\/liege.aftt.be\/wp-content\/uploads\/2022\/01\/Resultats-CP-Tour-Wanze.pdf\">R\u00e9sultats<\/a><\/p>\n<p>7 et 11\/11\/2021 Ti\u00e8ge <a href=\"https:\/\/liege.aftt.be\/wp-content\/uploads\/2021\/10\/affiche.pdf\">Affiche<\/a><\/p>\n<p>19\/09\/2021 Ans <a href=\"https:\/\/liege.aftt.be\/wp-content\/uploads\/2021\/08\/Affiche-Ans.docx\">Affiche<\/a> <a href=\"https:\/\/liege.aftt.be\/wp-content\/uploads\/2021\/09\/Resultats-tournoi-Ans.pdf\">R\u00e9sultats<\/a><\/p>\n<p>28\/08\/2021 Top Spin Retinne <a href=\"https:\/\/liege.aftt.be\/wp-content\/uploads\/2021\/07\/Affiche-Retinne.odt\">Affiche <\/a><a href=\"https:\/\/liege.aftt.be\/wp-content\/uploads\/2021\/09\/Resultats-Retinne.pdf\">R\u00e9sultats<\/a><\/p>\n<p>12\/09\/2021 CP Tour Minerois <a href=\"https:\/\/liege.aftt.be\/wp-content\/uploads\/2021\/08\/Affiche-Minerois.pdf\">Affiche <\/a><a href=\"https:\/\/liege.aftt.be\/wp-content\/uploads\/2021\/09\/Resultats-CP-Tour-Minerois.pdf\">R\u00e9sultats<\/a><\/p>\n<p>Saison 2020-2021<\/p>\n<p>29\/08\/2020 Top Spin Retinne \u00a0<a href=\"https:\/\/liege.aftt.be\/wp-content\/uploads\/2020\/08\/Affiche-tournoi-Retinne.odt\">Affiche <\/a><a href=\"https:\/\/liege.aftt.be\/wp-content\/uploads\/2020\/09\/R\u00e9sultats-Retinne.pdf\">R\u00e9sultats<\/a><\/p>\n<p>Saison 2019-2020<\/p>\n<p>08\/03\/2020 : CP Tour Amay \u00a0<a href=\"https:\/\/liege.aftt.bewp-content\/uploads\/2020\/01\/Affiche-Amay.docx\">Affiche <\/a><a href=\"https:\/\/liege.aftt.bewp-content\/uploads\/2020\/03\/R\u00e9sultats-CP-tour-Amay.pdf\">R\u00e9sultats<\/a><\/p>\n<p>26\/01\/2020 : 50\u00e8me tournoi Dolhain &#8211; Alain Dubois <a href=\"https:\/\/liege.aftt.bewp-content\/uploads\/2019\/12\/affiche-Dolhain.doc\">affiche <\/a><a href=\"https:\/\/liege.aftt.bewp-content\/uploads\/2020\/01\/R\u00e9sultats-Dolhain.pdf\">R\u00e9sultats<\/a><\/p>\n<p>19\/01\/2020 : CP Tour Wanze <a href=\"https:\/\/liege.aftt.bewp-content\/uploads\/2019\/11\/affiche-Wanze.docx\">Affiche <\/a><a href=\"https:\/\/liege.aftt.bewp-content\/uploads\/2020\/01\/Wanze-R\u00e9sultats.pdf\">R\u00e9sultats<\/a><\/p>\n<p>10 et 11\/11\/2019 : Ti\u00e8ge <a href=\"https:\/\/liege.aftt.bewp-content\/uploads\/2019\/10\/R\u00e8glement-Tournoi-CTT-Ti\u00e8ge.doc\">R\u00e8glement <\/a><a href=\"https:\/\/liege.aftt.bewp-content\/uploads\/2019\/10\/affiche-tournoi-CTT-ti\u00e8ge.pdf\">Affiche <\/a><a href=\"https:\/\/liege.aftt.bewp-content\/uploads\/2019\/11\/R\u00e9sultats-Ti\u00e8ge-Dimanche.pdf\">R\u00e9sultats Dimanche <\/a><a href=\"https:\/\/liege.aftt.bewp-content\/uploads\/2019\/11\/R\u00e9sultats-Ti\u00e8ge-Lundi.pdf\">R\u00e9sultats Lundi<\/a><\/p>\n<p>17\/11\/2019 : Hollogne <a href=\"https:\/\/liege.aftt.bewp-content\/uploads\/2019\/10\/R\u00e8glement-Tournoi-TTC-Hollogne.pdf\">R\u00e8glement <\/a><a href=\"https:\/\/liege.aftt.bewp-content\/uploads\/2019\/10\/Affiche-Tournois-TTC-Hollogne.pdf\">Affiche <\/a><a href=\"https:\/\/liege.aftt.bewp-content\/uploads\/2019\/11\/R\u00e9sultats-Hollogne.pdf\">R\u00e9sultats <\/a><\/p>\n<p>08\/09\/2019 : CP Tour Minerois <a href=\"https:\/\/liege.aftt.bewp-content\/uploads\/2019\/07\/affiche-Minerois.pdf\">affiche <\/a><a href=\"https:\/\/liege.aftt.bewp-content\/uploads\/2019\/07\/R\u00e9sultats-Minerois.pdf\">R\u00e9sultats<\/a><\/p>\n<p>31\/08\/2019 : Top spin Retinne <a href=\"https:\/\/liege.aftt.bewp-content\/uploads\/2019\/07\/Affiche-Retinne.odt\">affiche <\/a><a href=\"https:\/\/liege.aftt.bewp-content\/uploads\/2019\/07\/R\u00e9sultats-Retinne.pdf\">R\u00e9sultats<\/a><\/p>\n<p>22\/09\/2019 : Ans <a href=\"https:\/\/liege.aftt.bewp-content\/uploads\/2019\/07\/affiche-Ans.docx\">affiche <\/a><a href=\"https:\/\/liege.aftt.bewp-content\/uploads\/2019\/07\/R\u00e9sultats-ANS.pdf\">R\u00e9sultats<\/a><\/p>\n<p><span style=\"text-decoration: underline;\"><strong>Saison 2018\/2019<\/strong><\/span><\/p>\n<p>25\/05\/2019 : Blegny journ\u00e9e unifi\u00e9e et de la mixit\u00e9 <a href=\"https:\/\/liege.aftt.bewp-content\/uploads\/2016\/09\/JOURNEE-TT-unifi\u00e9e-de-la-mixit\u00e9.pdf\" target=\"_blank\" rel=\"noopener noreferrer\">affiche<\/a><\/p>\n<p>17\/02\/2019 : Amay-Hermalle <a href=\"https:\/\/liege.aftt.bewp-content\/uploads\/2016\/09\/affiche-Amay.docx\" target=\"_blank\" rel=\"noopener noreferrer\">affiche\u00a0\u00a0\u00a0<\/a><a href=\"https:\/\/liege.aftt.bewp-content\/uploads\/2016\/09\/R\u00e9sultats-CP-Tour-Amay-Hermalle.pdf\">R\u00e9sultats <\/a><\/p>\n<p>27\/01\/2019 : Dolhain <a href=\"https:\/\/liege.aftt.bewp-content\/uploads\/2016\/09\/tournoi-dolhain-annonce.doc\" target=\"_blank\" rel=\"noopener noreferrer\">affiche\u00a0<\/a><a href=\"https:\/\/liege.aftt.bewp-content\/uploads\/2016\/09\/R\u00e9sultats-Dolhain.pdf\" target=\"_blank\" rel=\"noopener noreferrer\">R\u00e9sultats <\/a><\/p>\n<p>20\/01\/2019 : Wanze <a href=\"https:\/\/liege.aftt.bewp-content\/uploads\/2016\/09\/CP-Tour-Wanze-affiche.docx\">affiche<\/a><a href=\"https:\/\/liege.aftt.bewp-content\/uploads\/2016\/09\/R\u00e9sultats-CP-Tour-Wanze.pdf\" target=\"_blank\" rel=\"noopener noreferrer\">\u00a0\u00a0 R\u00e9sultats<\/a><\/p>\n<p>11\/11\/2018 : Ti\u00e8ge <a href=\"https:\/\/liege.aftt.bewp-content\/uploads\/2016\/09\/affiche-Ti\u00e8ge.pdf\">affiche\u00a0<\/a><a href=\"https:\/\/liege.aftt.bewp-content\/uploads\/2016\/09\/R\u00e9sultats-Ti\u00e8ge.docx\" target=\"_blank\" rel=\"noopener noreferrer\">R\u00e9sultats <\/a><\/p>\n<p>28\/10\/2018 :\u00a0Crit\u00e9rium National V\u00e9t\u00e9rans \u00e0 Wanze\u00a0<a href=\"https:\/\/liege.aftt.bewp-content\/uploads\/2016\/09\/CritNatVet.pdf\" target=\"_blank\" rel=\"noopener noreferrer\">Affiche<\/a><\/p>\n<p>7\/10\/2018 : Au F\u00e9minin\u00a0<a href=\"https:\/\/liege.aftt.bewp-content\/uploads\/2016\/09\/AuFeminin2018.pdf\" target=\"_blank\" rel=\"noopener noreferrer\">Affiche<\/a><\/p>\n<p>23\/09\/2018 : Aywaille <a href=\"https:\/\/liege.aftt.bewp-content\/uploads\/2016\/09\/affiche-aywaille.pdf\" target=\"_blank\" rel=\"noopener noreferrer\">affiche\u00a0 <\/a><a href=\"https:\/\/liege.aftt.bewp-content\/uploads\/2016\/09\/CP-Tour-Aywaille-r\u00e9sultats.pdf\">r\u00e9sultats<\/a><\/p>\n<p>09\/09\/2018 : Minerois <a href=\"https:\/\/liege.aftt.bewp-content\/uploads\/2016\/09\/affiche-minerois.pdf\" target=\"_blank\" rel=\"noopener noreferrer\">affiche<\/a><\/p>\n<p>01\/09\/2018 : Top spin Retinne <a href=\"https:\/\/liege.aftt.bewp-content\/uploads\/2016\/09\/Affiche-Retinne.odt\" target=\"_blank\" rel=\"noopener noreferrer\">Affiche <\/a><\/p>\n<p><span style=\"text-decoration: underline;\"><strong>Saison 2017\/2018<\/strong><\/span><\/p>\n<p>18\/02\/2018: Amay &#8211; Hermalle &#8211;\u00a0<a href=\"https:\/\/liege.aftt.bewp-content\/uploads\/2016\/09\/2018-02-18-CP-TOUR-AMAY.pdf\" target=\"_blank\" rel=\"noopener noreferrer\">Affiche\u00a0<\/a>&#8211;\u00a0<a href=\"https:\/\/liege.aftt.bewp-content\/uploads\/2016\/09\/R\u00e9sultats-CP-Tour-Amay-Hermalle-18-02-18.pdf\" target=\"_blank\" rel=\"noopener noreferrer\">R\u00e9sultats<\/a><\/p>\n<p>28\/01\/2018 : Dolhain <a href=\"https:\/\/liege.aftt.bewp-content\/uploads\/2016\/09\/affiche-Dolhain.doc\" target=\"_blank\" rel=\"noopener noreferrer\">affiche<\/a> &#8211;\u00a0<a href=\"https:\/\/liege.aftt.bewp-content\/uploads\/2016\/09\/R\u00e9sultats-dolhain.pdf\" target=\"_blank\" rel=\"noopener noreferrer\">R\u00e9sultats<\/a><\/p>\n<p>21\/01\/2018 : Wanze <a href=\"https:\/\/liege.aftt.bewp-content\/uploads\/2016\/09\/TTC-Wanze-CPTour-2018.pdf\" target=\"_blank\" rel=\"noopener noreferrer\">Affiche<\/a> &#8211;\u00a0<a href=\"https:\/\/liege.aftt.bewp-content\/uploads\/2016\/09\/R\u00e9sultats-CP-Tour-Wanze-21-01-18.pdf\" target=\"_blank\" rel=\"noopener noreferrer\">R\u00e9sultats <\/a><\/p>\n<p>17\/12\/2017 : Ch\u00ean\u00e9e double <a href=\"https:\/\/liege.aftt.bewp-content\/uploads\/2016\/09\/Ch\u00ean\u00e9e.pdf\" target=\"_blank\" rel=\"noopener noreferrer\">Affiche &#8211;\u00a0<\/a><a href=\"https:\/\/liege.aftt.bewp-content\/uploads\/2016\/09\/17-12-2017-R\u00e9sultats-Doubles-Chenee-1.pdf\" target=\"_blank\" rel=\"noopener noreferrer\">R\u00e9sultats<\/a><\/p>\n<p>05\/11\/2017: Ti\u00e8ge &#8211;\u00a0 <a href=\"https:\/\/liege.aftt.bewp-content\/uploads\/2016\/09\/annonce-tournoi-Ti\u00e8ge.pdf\" target=\"_blank\" rel=\"noopener noreferrer\">Affiche<\/a>\u00a0&#8211;\u00a0<a href=\"https:\/\/liege.aftt.bewp-content\/uploads\/2016\/09\/2017-Ti\u00e8ge-R\u00e9sultats.pdf\" target=\"_blank\" rel=\"noopener noreferrer\">R\u00e9sultats<\/a><\/p>\n<p>24\/09\/2017: Aywaille &#8211; <a href=\"https:\/\/liege.aftt.bewp-content\/uploads\/2016\/09\/cp-tour-2017-2018-Aywaille-24-septembre-2017.pdf\" target=\"_blank\" rel=\"noopener noreferrer\">Affiche &#8211;\u00a0<\/a><a href=\"https:\/\/liege.aftt.bewp-content\/uploads\/2016\/09\/R\u00e9sultats-CP-Tour-Aywaille-24-09-17.pdf\" target=\"_blank\" rel=\"noopener noreferrer\">R\u00e9sultats<\/a><\/p>\n<p>10\/09\/2017: Minerois &#8211; <a href=\"https:\/\/liege.aftt.bewp-content\/uploads\/2016\/09\/Affiche-cp-tour-2017-2018-2.pdf\" target=\"_blank\" rel=\"noopener noreferrer\">Affiche <\/a><a href=\"https:\/\/liege.aftt.bewp-content\/uploads\/2016\/09\/R\u00e9sultats-CPTour-Minerois.pdf\" target=\"_blank\" rel=\"noopener noreferrer\">R\u00e9sultats<\/a><\/p>\n<p>02\/09\/2017 : Top spin Retinne &#8211;\u00a0<a href=\"https:\/\/liege.aftt.bewp-content\/uploads\/2016\/09\/tournoi-Retinne.pdf\" target=\"_blank\" rel=\"noopener noreferrer\">Affiche<\/a> &#8211; <a href=\"https:\/\/liege.aftt.bewp-content\/uploads\/2016\/09\/2017-R\u00e9sultats-Retinne-02-09-2017.pdf\" target=\"_blank\" rel=\"noopener noreferrer\">R\u00e9sultats<\/a><\/p>\n<p><strong>Saison 2016-2017<\/strong><\/p>\n<p><span style=\"text-decoration: underline;\"><strong>CP Tours<\/strong><\/span><\/p>\n<p>04\/09\/2016: Minerois &#8211;\u00a0<a href=\"https:\/\/liege.aftt.bewp-content\/uploads\/2016\/09\/Minerois-cp-tour-2016-2017-.pdf\" target=\"_blank\" rel=\"noopener noreferrer\">Affiche<\/a>\u00a0&#8211;\u00a0<a href=\"http:\/\/www.cttminerois.be\/index.php?option=com_content&amp;view=article&amp;id=152:resultats-cp-tour&amp;catid=8&amp;Itemid=517\" target=\"_blank\" rel=\"noopener noreferrer\">R\u00e9sultats<\/a><\/p>\n<p>20\/11\/2016: Ti\u00e8ge &#8211;\u00a0<a href=\"https:\/\/liege.aftt.bewp-content\/uploads\/2016\/09\/CP-Tour-Ti\u00e8ge-2016.pdf\" target=\"_blank\" rel=\"noopener noreferrer\">Affiche<\/a>\u00a0&#8211; <a href=\"https:\/\/liege.aftt.bewp-content\/uploads\/2016\/09\/Tiege-R\u00e9sultats-2016.pdf\" target=\"_blank\" rel=\"noopener noreferrer\">R\u00e9sultats<\/a><\/p>\n<p>22\/01\/2017: Wanze &#8211; <a href=\"https:\/\/liege.aftt.bewp-content\/uploads\/2016\/09\/TTC-Wanze-CPTour-2017.pdf\" target=\"_blank\" rel=\"noopener noreferrer\">Affiche<\/a>\u00a0&#8211; <a href=\"https:\/\/liege.aftt.bewp-content\/uploads\/2016\/09\/Wanze-R\u00e9sultats-01-17.pdf\" target=\"_blank\" rel=\"noopener noreferrer\">R\u00e9sultats<\/a><\/p>\n<p>12\/03\/2017: Amay &#8211;<a href=\"https:\/\/liege.aftt.bewp-content\/uploads\/2017\/02\/CP-tour-Amay-12-mars-2017.pdf\" target=\"_blank\" rel=\"noopener noreferrer\">Affiche<\/a>\u00a0&#8211; <a href=\"https:\/\/liege.aftt.bewp-content\/uploads\/2016\/09\/Amay-Hermalle-R\u00e9sultats.pdf\" target=\"_blank\" rel=\"noopener noreferrer\">R\u00e9sultats<\/a><\/p>\n<p><span style=\"text-decoration: underline;\"><strong>Tournois<\/strong><\/span><\/p>\n<p>02\/10 &#8211; <a href=\"https:\/\/liege.aftt.bewp-content\/uploads\/2016\/09\/R\u00e9sultats-Au-f\u00e9minin-2016.pdf\" target=\"_blank\" rel=\"noopener noreferrer\">Au F\u00e9minin<\/a><\/p>\n<p>29\/01 &#8211; <a href=\"https:\/\/liege.aftt.bewp-content\/uploads\/2016\/09\/tournoi-dolhain_29012107-bis.pdf\" target=\"_blank\" rel=\"noopener noreferrer\">Tournoi de Dolhain<\/a>\u00a0&#8211; <a href=\"https:\/\/liege.aftt.bewp-content\/uploads\/2016\/09\/Dolhain-resultats-29-01-2016.pdf\" rel=\"\">R\u00e9sultats<\/a><\/p>\n\n\n<figure class=\"wp-block-gallery has-nested-images columns-default is-cropped wp-block-gallery-1 is-layout-flex wp-block-gallery-is-layout-flex\"><\/figure>\n","protected":false},"excerpt":{"rendered":"<p>Saison 2024-2025 \u00a0 09\/02\/2025 Tournoi de Vervia 26\/01\/2025 Tournoi de Dolhain Affiche 19\/01\/2025 Masters Wanze Affiche 22\/09\/2024 Masters Astrid Affiche 15\/09\/2024 Masters Vervia Affiche 08\/09\/2024 Masters Minerois Affiche R\u00e8glement 31\/08\/2024 Tournoi Retinne Affiche Saison 2023-2024 25\/02\/2024 Masters Dolhain Affiche 18\/02\/2024 Masters Tinlot Affiche 11\/02\/2024 Tournoi Vervia Affiche 21\/01\/2024 Masters Wanze Affiche\u00a0 \u00a0 Affiche Handi 19\/11\/2023 Tournoi Tinlot Affiche 12\/11\/2023 Masters<\/p>\n","protected":false},"author":1,"featured_media":0,"parent":506,"menu_order":0,"comment_status":"closed","ping_status":"closed","template":"","meta":{"footnotes":""},"_links":{"self":[{"href":"https:\/\/liege.aftt.be\/index.php\/wp-json\/wp\/v2\/pages\/489"}],"collection":[{"href":"https:\/\/liege.aftt.be\/index.php\/wp-json\/wp\/v2\/pages"}],"about":[{"href":"https:\/\/liege.aftt.be\/index.php\/wp-json\/wp\/v2\/types\/page"}],"author":[{"embeddable":true,"href":"https:\/\/liege.aftt.be\/index.php\/wp-json\/wp\/v2\/users\/1"}],"replies":[{"embeddable":true,"href":"https:\/\/liege.aftt.be\/index.php\/wp-json\/wp\/v2\/comments?post=489"}],"version-history":[{"count":136,"href":"https:\/\/liege.aftt.be\/index.php\/wp-json\/wp\/v2\/pages\/489\/revisions"}],"predecessor-version":[{"id":4668,"href":"https:\/\/liege.aftt.be\/index.php\/wp-json\/wp\/v2\/pages\/489\/revisions\/4668"}],"up":[{"embeddable":true,"href":"https:\/\/liege.aftt.be\/index.php\/wp-json\/wp\/v2\/pages\/506"}],"wp:attachment":[{"href":"https:\/\/liege.aftt.be\/index.php\/wp-json\/wp\/v2\/media?parent=489"}],"curies":[{"name":"wp","href":"https:\/\/api.w.org\/{rel}","templated":true}]}}