{"id":487,"date":"2016-09-23T13:28:08","date_gmt":"2016-09-23T12:28:08","guid":{"rendered":"https:\/\/liege.aftt.be\/?page_id=487"},"modified":"2025-10-23T16:05:18","modified_gmt":"2025-10-23T15:05:18","slug":"coupe","status":"publish","type":"page","link":"https:\/\/liege.aftt.be\/index.php\/competitions\/coupe\/","title":{"rendered":"Coupe"},"content":{"rendered":"<p>Saison 2025-2026<\/p>\n<p><a href=\"https:\/\/liege.aftt.be\/wp-content\/uploads\/2025\/10\/Tirage-1er-tour.xlsx\">Tirage 1er tour<\/a><\/p>\n<p>Saison 2024-2025<\/p>\n<p><a href=\"https:\/\/liege.aftt.be\/wp-content\/uploads\/2025\/04\/Resultats-finales.docx\">R\u00e9sultats finales<\/a><\/p>\n<p><a href=\"https:\/\/liege.aftt.be\/wp-content\/uploads\/2025\/03\/Competition.xlsx\">R\u00e9sultats demi-finale<\/a><\/p>\n<p><a href=\"https:\/\/liege.aftt.be\/wp-content\/uploads\/2025\/02\/Competition.xlsx\">5\u00e8me tour<\/a><\/p>\n<p><a href=\"https:\/\/liege.aftt.be\/wp-content\/uploads\/2024\/11\/Competition-1.xlsx\">3\u00e8me tour<\/a><\/p>\n<p><a href=\"https:\/\/liege.aftt.be\/wp-content\/uploads\/2024\/10\/Competition.xlsx\">tirage au sort<\/a><\/p>\n<p><a href=\"https:\/\/liege.aftt.be\/wp-content\/uploads\/2024\/09\/Coupe-provinciale.docx\">information<\/a><\/p>\n<p>Saison 2023-2024 <a href=\"https:\/\/liege.aftt.be\/wp-content\/uploads\/2023\/11\/1er-tour.xlsx\">1er tour r\u00e9sultats<\/a> <a href=\"https:\/\/liege.aftt.be\/wp-content\/uploads\/2023\/11\/2eme-tour.xlsx\">2\u00e8me tour tirage\u00a0 <\/a><a href=\"https:\/\/liege.aftt.be\/wp-content\/uploads\/2024\/03\/2eme-tour.pdf\">2\u00e8me tour r\u00e9sultat\u00a0 <\/a><a href=\"https:\/\/liege.aftt.be\/wp-content\/uploads\/2024\/03\/3eme-tour.pdf\">3\u00e8me tour r\u00e9sultat\u00a0 <\/a><a href=\"https:\/\/liege.aftt.be\/wp-content\/uploads\/2024\/03\/4eme-tour.pdf\">4\u00e8me tour <\/a><a href=\"https:\/\/liege.aftt.be\/wp-content\/uploads\/2024\/03\/4eme-tour-1.pdf\">4\u00e8me tour r\u00e9sultats<\/a><\/p>\n<p>Saison 2022-2023<\/p>\n<p><a href=\"https:\/\/liege.aftt.be\/wp-content\/uploads\/2022\/12\/1er-tour.pdf\">\u00a0tirage 2\u00e8me tour<\/a> <a href=\"https:\/\/liege.aftt.be\/wp-content\/uploads\/2023\/01\/1er-tour-resultats.pdf\">R\u00e9sultats(premier tour) <\/a><a href=\"https:\/\/liege.aftt.be\/wp-content\/uploads\/2023\/03\/Resultats-2eme-tour.pdf\">R\u00e9sultats (2\u00e8me tour) <\/a><a href=\"https:\/\/liege.aftt.be\/wp-content\/uploads\/2023\/03\/Resultats-3eme-tour.pdf\">R\u00e9sultats (3\u00e8me tour) <\/a><a href=\"https:\/\/liege.aftt.be\/wp-content\/uploads\/2023\/03\/Resultats-4eme-tour.pdf\">R\u00e9sultats (4\u00e8me tour)<\/a><\/p>\n<p>R\u00e8glement coupe <a href=\"https:\/\/liege.aftt.be\/wp-content\/uploads\/2023\/01\/Coupe-provinciale.docx\">Info<\/a><\/p>\n<p>Saison<strong> 2017-2018<\/strong><\/p>\n<p>16 d\u00e9cembre 2017 journ\u00e9e \u00e9liminatoire &#8211; Ti\u00e8ge et Minerois<\/p>\n<p><a href=\"https:\/\/liege.aftt.bewp-content\/uploads\/2016\/09\/ResCoupeTiege.pdf\">R\u00e9sultats Ti\u00e8ge<\/a><br \/>\n<a href=\"https:\/\/liege.aftt.bewp-content\/uploads\/2016\/09\/ResCoupeMinerois.pdf\">R\u00e9sultats Minerois<\/a><\/p>\n<p>11 mars 2018 :\u00a0 la journ\u00e9e finale &#8211; Astrid<\/p>\n<p><a href=\"https:\/\/liege.aftt.bewp-content\/uploads\/2016\/09\/cOUPE-2017-2018-DERNI7RES-INFOS.pdf\" target=\"_blank\" rel=\"noopener\">Toutes les informations<\/a><\/p>\n<p><strong>Saison 2016-2017<\/strong><\/p>\n<p>16\/10\/2016: 1er Tour &#8211; <a href=\"https:\/\/liege.aftt.bewp-content\/uploads\/2016\/09\/Coupe-de-la-Province-2016-r\u00e9sultats-tour-1.pdf\" target=\"_blank\" rel=\"noopener\">R\u00e9sultats<\/a><\/p>\n<p>18\/12\/2016: Finale<\/p>\n","protected":false},"excerpt":{"rendered":"<p>Saison 2025-2026 Tirage 1er tour Saison 2024-2025 R\u00e9sultats finales R\u00e9sultats demi-finale 5\u00e8me tour 3\u00e8me tour tirage au sort information Saison 2023-2024 1er tour r\u00e9sultats 2\u00e8me tour tirage\u00a0 2\u00e8me tour r\u00e9sultat\u00a0 3\u00e8me tour r\u00e9sultat\u00a0 4\u00e8me tour 4\u00e8me tour r\u00e9sultats Saison 2022-2023 \u00a0tirage 2\u00e8me tour R\u00e9sultats(premier tour) R\u00e9sultats (2\u00e8me tour) R\u00e9sultats (3\u00e8me tour) R\u00e9sultats (4\u00e8me tour) R\u00e8glement coupe Info Saison 2017-2018 16<\/p>\n","protected":false},"author":1,"featured_media":0,"parent":506,"menu_order":0,"comment_status":"closed","ping_status":"closed","template":"","meta":{"footnotes":""},"_links":{"self":[{"href":"https:\/\/liege.aftt.be\/index.php\/wp-json\/wp\/v2\/pages\/487"}],"collection":[{"href":"https:\/\/liege.aftt.be\/index.php\/wp-json\/wp\/v2\/pages"}],"about":[{"href":"https:\/\/liege.aftt.be\/index.php\/wp-json\/wp\/v2\/types\/page"}],"author":[{"embeddable":true,"href":"https:\/\/liege.aftt.be\/index.php\/wp-json\/wp\/v2\/users\/1"}],"replies":[{"embeddable":true,"href":"https:\/\/liege.aftt.be\/index.php\/wp-json\/wp\/v2\/comments?post=487"}],"version-history":[{"count":27,"href":"https:\/\/liege.aftt.be\/index.php\/wp-json\/wp\/v2\/pages\/487\/revisions"}],"predecessor-version":[{"id":4717,"href":"https:\/\/liege.aftt.be\/index.php\/wp-json\/wp\/v2\/pages\/487\/revisions\/4717"}],"up":[{"embeddable":true,"href":"https:\/\/liege.aftt.be\/index.php\/wp-json\/wp\/v2\/pages\/506"}],"wp:attachment":[{"href":"https:\/\/liege.aftt.be\/index.php\/wp-json\/wp\/v2\/media?parent=487"}],"curies":[{"name":"wp","href":"https:\/\/api.w.org\/{rel}","templated":true}]}}