{"id":24,"date":"2016-03-22T17:04:43","date_gmt":"2016-03-22T16:04:43","guid":{"rendered":"https:\/\/liege.aftt.be\/?page_id=24"},"modified":"2025-10-23T16:02:39","modified_gmt":"2025-10-23T15:02:39","slug":"composition-comite","status":"publish","type":"page","link":"https:\/\/liege.aftt.be\/index.php\/secretariat\/composition-comite\/","title":{"rendered":"Proc\u00e8s verbaux &#8211; CP"},"content":{"rendered":"<p>Saison 2025-2026<\/p>\n<p>Compte rendu<a href=\"https:\/\/liege.aftt.be\/wp-content\/uploads\/2025\/07\/14-07-25.docx\">14-07-2025<\/a>\u00a0<\/p>\n<p>Compte rendu <a href=\"https:\/\/liege.aftt.be\/wp-content\/uploads\/2025\/10\/01-09-25.docx\">01-09-25<\/a><\/p>\n<p>Saison 2024-2025<\/p>\n<p>Compte rendu <a href=\"https:\/\/liege.aftt.be\/wp-content\/uploads\/2025\/05\/12-05-2025-public.docx\">12-05-2025<\/a><\/p>\n<p>Compte rendu <a href=\"https:\/\/liege.aftt.be\/wp-content\/uploads\/2025\/04\/13-04-2025-public.docx\">13-04-2025<\/a><\/p>\n<p>Compte rendu <a href=\"https:\/\/liege.aftt.be\/wp-content\/uploads\/2025\/03\/10-03-2025.docx\">10-03-2025<\/a><\/p>\n<p>Compte rendu <a href=\"https:\/\/liege.aftt.be\/wp-content\/uploads\/2025\/01\/13-01-25-public.docx\">13-01-2025<\/a><\/p>\n<p>Compte rendu <a href=\"https:\/\/liege.aftt.be\/wp-content\/uploads\/2024\/12\/9-12-2024.docx\">9-12-2024<\/a><\/p>\n<p>Compte rendu <a href=\"https:\/\/liege.aftt.be\/wp-content\/uploads\/2024\/11\/14-10-2024.docx\">14-10-2024<\/a><\/p>\n<p>Assembl\u00e9e Provinciale 2 octobre 2024 <a href=\"https:\/\/liege.aftt.be\/wp-content\/uploads\/2024\/10\/AG-du-2-10-2024.docx\">Rapport<\/a><\/p>\n<p>Compte rendu <a href=\"https:\/\/liege.aftt.be\/wp-content\/uploads\/2024\/10\/16-09-2024.docx\">16-septembre-2024<\/a><\/p>\n<p>Compte rendu <a href=\"https:\/\/liege.aftt.be\/wp-content\/uploads\/2024\/08\/05-08-2024.docx\">05 ao\u00fbt 2024<\/a><\/p>\n<p>Saison 2023-2024<\/p>\n<p>Proc\u00e8s verbal assembl\u00e9e g\u00e9n\u00e9rale <a href=\"https:\/\/liege.aftt.be\/wp-content\/uploads\/2024\/06\/Assemblee-provinciale-23-05-24.docx\">23 mai 2024<\/a><\/p>\n<p>Compte rendu <a href=\"https:\/\/liege.aftt.be\/wp-content\/uploads\/2024\/05\/13-mai-2024.docx\">13 mai 2024<\/a><\/p>\n<p>Compte rendu <a href=\"https:\/\/liege.aftt.be\/wp-content\/uploads\/2024\/04\/8-avril-2024.docx\">8 avril 2024<\/a><\/p>\n<p>Compte rendu <a href=\"https:\/\/liege.aftt.be\/wp-content\/uploads\/2024\/03\/11-mars-2024.docx\">11 mars 2024<\/a><\/p>\n<p>Proc\u00e8s-verbal <a href=\"https:\/\/liege.aftt.be\/wp-content\/uploads\/2024\/02\/12-fevrier-2024.docx\">12 f\u00e9vrier 2024<\/a><\/p>\n<p>Compte rendu <a href=\"https:\/\/liege.aftt.be\/wp-content\/uploads\/2024\/01\/15-janvier-2024.docx\">15 janvier 2024<\/a>\u00a0<\/p>\n<p><span style=\"font-size: revert; color: initial;\">Compte rendu <\/span><a style=\"font-size: revert;\" href=\"https:\/\/liege.aftt.be\/wp-content\/uploads\/2023\/12\/10-decembre-2023.docx\">10 d\u00e9cembre 2023<\/a><\/p>\n<p>Compte rendu <a href=\"https:\/\/liege.aftt.be\/wp-content\/uploads\/2023\/11\/13-novembre-2023.docx\">13 novembre 2023<\/a><\/p>\n<p>Compte rendu <a href=\"https:\/\/liege.aftt.be\/wp-content\/uploads\/2023\/10\/9-octobre-23.docx\">9 octobre 23<\/a><\/p>\n<p>Assembl\u00e9e provinciale 8 septembre 2023 <a href=\"https:\/\/liege.aftt.be\/wp-content\/uploads\/2023\/09\/PV-AG-08-09-23.docx\">PV AG<\/a><\/p>\n<p>Compte rendu <a href=\"https:\/\/liege.aftt.be\/wp-content\/uploads\/2023\/08\/2-aout-2023-CP.docx\">2 ao\u00fbt 2023<\/a><\/p>\n<p>Saison 2022-2023<\/p>\n<p>Assembl\u00e9e provinciale 24 mai 2023 <a href=\"https:\/\/liege.aftt.be\/wp-content\/uploads\/2023\/05\/AG-24-mai-2023.docx\">Proc\u00e8s-verbal<\/a><\/p>\n<p>Compte rendu <a href=\"https:\/\/liege.aftt.be\/wp-content\/uploads\/2023\/05\/8-mai-2023-biscp.docx\">8 mai 2023<\/a><\/p>\n<p>Compte rendu <a href=\"https:\/\/liege.aftt.be\/wp-content\/uploads\/2023\/05\/10-avril-2023-cp.docx\">10 avril 2023<\/a><\/p>\n<p>Compte rendu <a href=\"https:\/\/liege.aftt.be\/wp-content\/uploads\/2023\/03\/13-mars-2023-cp.docx\">13 mars 2023<\/a><\/p>\n<p><span style=\"font-size: revert; color: initial;\">Compte rendu <\/span><a style=\"font-size: revert;\" href=\"https:\/\/liege.aftt.be\/wp-content\/uploads\/2023\/03\/13-fevrier-2023-cp.docx\">13 f\u00e9vrier 2023<\/a><\/p>\n<p>Compte rendu <a href=\"https:\/\/liege.aftt.be\/wp-content\/uploads\/2023\/01\/9-janvier-2023-cp.docx\">9 janvier 2023<\/a><\/p>\n<p>Compte rendu <a href=\"https:\/\/liege.aftt.be\/wp-content\/uploads\/2022\/12\/12-decembre-2022-cp.docx\">12 d\u00e9cembre 2022<\/a><\/p>\n<p>Compte rendu <a href=\"https:\/\/liege.aftt.be\/wp-content\/uploads\/2022\/12\/14-novembre-2022-cp.docx\">14 novembre 2022<\/a><\/p>\n<p>Compte rendu <a href=\"https:\/\/liege.aftt.be\/wp-content\/uploads\/2022\/10\/10-octobre-2022-cp.docx\">10 octobre 2022<\/a><\/p>\n<p>Compte rendu <a href=\"https:\/\/liege.aftt.be\/wp-content\/uploads\/2022\/09\/12-septembre-2022-cp.docx\">12 septembre 2022<\/a><\/p>\n<p>Assembl\u00e9e Provinciale 12 septembre 2022 <a href=\"https:\/\/liege.aftt.be\/wp-content\/uploads\/2022\/09\/Assemblee-Generale-11-septembre-2022-CP.docx\">Proc\u00e8s-verbal<\/a><\/p>\n<p>Compte rendu <a href=\"https:\/\/liege.aftt.be\/wp-content\/uploads\/2022\/08\/8-aout-2022-cp.pdf\">8 ao\u00fbt 2022<\/a><\/p>\n<p>Saison 2021-2022<\/p>\n<p>Assembl\u00e9e G\u00e9n\u00e9rale 13 mai 2022 <a href=\"https:\/\/liege.aftt.be\/wp-content\/uploads\/2022\/05\/Assemblee-generale-CP.docx\">proc\u00e8s-verbal<\/a><\/p>\n<p>Compte rendu <a href=\"https:\/\/liege.aftt.be\/wp-content\/uploads\/2022\/06\/13-juin-2022-cp.docx\">13 juin<\/a><\/p>\n<p>Compte rendu <a href=\"https:\/\/liege.aftt.be\/wp-content\/uploads\/2022\/05\/4-mai-2022-cp.docx\">4 mai<\/a><\/p>\n<p>Compte rendu <a href=\"https:\/\/liege.aftt.be\/wp-content\/uploads\/2022\/03\/7-mars-2022-cpl.docx\">7 mars <\/a><\/p>\n<p>Compte rendu <a href=\"https:\/\/liege.aftt.be\/wp-content\/uploads\/2022\/01\/17-janvier-cp.docx\">17 janvier <\/a><\/p>\n<p>Compte rendu <a href=\"https:\/\/liege.aftt.be\/wp-content\/uploads\/2021\/12\/22-novembre-2022-cpl.docx\">22 novembre<\/a><\/p>\n<p>Compte rendu <a href=\"https:\/\/liege.aftt.be\/wp-content\/uploads\/2021\/11\/6-octobre-cpl.docx\">6 octobre<\/a><\/p>\n<p>Assembl\u00e9e G\u00e9n\u00e9rale 10 septembre 2021 <a href=\"https:\/\/liege.aftt.be\/wp-content\/uploads\/2021\/09\/PV-AG2021-cpl.docx\">Proc\u00e8s-verbal<\/a><\/p>\n<p>Compte rendu <a href=\"https:\/\/liege.aftt.be\/wp-content\/uploads\/2021\/09\/8-aout-2021-cp-bis.docx\">8 ao\u00fbt 2021<\/a><\/p>\n<p><strong>Saison 2020-2021<\/strong><\/p>\n<p>Compte rendu <a href=\"https:\/\/liege.aftt.be\/wp-content\/uploads\/2021\/06\/18-mai-2021-cplbis.pdf\">18 mai 2021<\/a><\/p>\n<p>Compte rendu <a href=\"https:\/\/liege.aftt.be\/wp-content\/uploads\/2021\/04\/24-mars-2021-cpl.docx\">24 mars 2021<\/a><\/p>\n<p>Compte rendu <a href=\"https:\/\/liege.aftt.be\/wp-content\/uploads\/2021\/02\/31-janvier-2020-cpl.docx\">31 janvier 2020<\/a><\/p>\n<p>Compte rendu <a href=\"https:\/\/liege.aftt.be\/wp-content\/uploads\/2020\/12\/12-decembre-20-cpl.docx\">12 d\u00e9cembre 2020<\/a><\/p>\n<p>Compte rendu<a href=\"https:\/\/liege.aftt.be\/wp-content\/uploads\/2020\/11\/16-novembre-2020cp.docx\"> 16 novembre 2020 <\/a>\u00a0 \u00a0\u00a0 \u00a0\u00a0 \u00a0\u00a0 <a href=\"https:\/\/liege.aftt.be\/wp-content\/uploads\/2020\/11\/calendrier-second-tour.pdf\">calendrier second tour<\/a><\/p>\n<p>Compte rendu <a href=\"https:\/\/liege.aftt.be\/wp-content\/uploads\/2020\/09\/21-septembre-2020cp.docx\">21 septembre 2020<\/a> <a href=\"https:\/\/liege.aftt.be\/wp-content\/uploads\/2020\/09\/R\u00e8gles-sp\u00e9ciales-covid.pdf\">R\u00e8gles sp\u00e9ciales covid <\/a><a href=\"https:\/\/liege.aftt.be\/wp-content\/uploads\/2020\/09\/fiche-signalitique-Covid.pdf\">fiche signalitique Covid<\/a><\/p>\n<p><strong>Saison 2019-2020<\/strong><\/p>\n<p>Compte rendu <a href=\"https:\/\/liege.aftt.be\/wp-content\/uploads\/2020\/07\/24-juin-2020-cp.docx\">24 juin 2020<\/a><\/p>\n<p>Compte rendu<a href=\"https:\/\/liege.aftt.be\/wp-content\/uploads\/2020\/03\/10-mars20-cp.docx\"> 10 mars20<\/a><\/p>\n<p>Compte rendu <a href=\"https:\/\/liege.aftt.be\/wp-content\/uploads\/2020\/02\/10-f\u00e9vrier-2020.docx\">10 f\u00e9vrier 2020<\/a><\/p>\n<p>Compte rendu<a href=\"https:\/\/liege.aftt.be\/wp-content\/uploads\/2020\/01\/13-janvier-2020.docx\"> 13 janvier 2020<\/a><\/p>\n<p>Compte rendu <a href=\"https:\/\/liege.aftt.be\/wp-content\/uploads\/2019\/12\/9-d\u00e9cembre-2019.docx\">9 d\u00e9cembre 2019<\/a><\/p>\n<p>Compte rendu <a href=\"https:\/\/liege.aftt.be\/wp-content\/uploads\/2019\/11\/4-novembre-2019.docx\">4 novembre 2019<\/a><\/p>\n<p>Compte rendu<a href=\"https:\/\/liege.aftt.be\/wp-content\/uploads\/2019\/09\/9-septembre-2019.docx\"> 9 septembre 2019<\/a><\/p>\n<p>Compte rendu <a href=\"https:\/\/liege.aftt.be\/wp-content\/uploads\/2019\/08\/11-ao\u00fbt-2019.docx\">11 ao\u00fbt 2019<\/a><\/p>\n<p><strong>Saison 2018-2019<\/strong><\/p>\n<p>Compte rendu <a href=\"https:\/\/liege.aftt.be\/wp-content\/uploads\/2016\/03\/11-juin2019.docx\" target=\"_blank\" rel=\"noopener noreferrer\">11 juin2019<\/a><\/p>\n<p>Compte rendu <a href=\"https:\/\/liege.aftt.be\/wp-content\/uploads\/2016\/03\/1-avril-2019.docx\" target=\"_blank\" rel=\"noopener noreferrer\">1 avril 2019<\/a><\/p>\n<p>Compte rendu <a href=\"https:\/\/liege.aftt.be\/wp-content\/uploads\/2016\/03\/11mars2019bis.docx\">11mars2019bis<\/a><\/p>\n<p>Compte rendu <a href=\"https:\/\/liege.aftt.be\/wp-content\/uploads\/2016\/03\/11mars2019.docx\" target=\"_blank\" rel=\"noopener noreferrer\">11 mars 2019<\/a>\u00a0 <a href=\"https:\/\/liege.aftt.be\/wp-content\/uploads\/2016\/03\/calendrier-2019-2020.xlsx\">calendrier 2019-2020<\/a><\/p>\n<p>Compte rendu <a href=\"https:\/\/liege.aftt.be\/wp-content\/uploads\/2016\/03\/11f\u00e9vrier2019.docx\" target=\"_blank\" rel=\"noopener noreferrer\">11 f\u00e9vrier2019<\/a><\/p>\n<p>Compte rendu <a href=\"https:\/\/liege.aftt.be\/wp-content\/uploads\/2019\/01\/14janviezr2019.docx\" target=\"_blank\" rel=\"noopener noreferrer\">14 janvier 2019<\/a><\/p>\n<p>Compte rendu <a href=\"https:\/\/liege.aftt.be\/wp-content\/uploads\/2016\/03\/10-d\u00e9cembre-2018.docx\" target=\"_blank\" rel=\"noopener noreferrer\">10 d\u00e9cembre 2018<\/a><\/p>\n<p>Compte rendu <a href=\"https:\/\/liege.aftt.be\/wp-content\/uploads\/2016\/03\/12novembre2018.docx\">12 novembre 2018<\/a><\/p>\n<p>Compte rendu<a href=\"https:\/\/liege.aftt.bewp-content\/uploads\/2016\/03\/8octobre2018.docx\" target=\"_blank\" rel=\"noopener noreferrer\">\u00a08 octobre2018<\/a><\/p>\n<p>Compte rendu <a href=\"https:\/\/liege.aftt.be\/wp-content\/uploads\/2016\/03\/10-septembre-2018.docx\" target=\"_blank\" rel=\"noopener noreferrer\">10 septembre 2018<\/a><\/p>\n<p>Compte rendu <a href=\"https:\/\/liege.aftt.be\/wp-content\/uploads\/2016\/03\/13-ao\u00fbt.docx\" target=\"_blank\" rel=\"noopener noreferrer\">13 ao\u00fbt 2018<\/a><\/p>\n<p><strong>Saison 2017-2018<\/strong><\/p>\n<p>Compte rendu <a href=\"https:\/\/liege.aftt.be\/secretariat\/composition-comite\/\" target=\"_blank\" rel=\"noopener noreferrer\">14 mai 2018<\/a><\/p>\n<p>R\u00e9union d&rsquo;information s\u00e9rie \u00e0 10\u00a0<a href=\"https:\/\/liege.aftt.be\/wp-content\/uploads\/2016\/03\/PVinfo20180425.pdf\" target=\"_blank\" rel=\"noopener noreferrer\">25 avril 2018<\/a><\/p>\n<p>Compte rendu <a href=\"https:\/\/liege.aftt.be\/wp-content\/uploads\/2016\/03\/9avril18.docx\">9 avril 2018<\/a><\/p>\n<p>Compte rendu <a href=\"https:\/\/liege.aftt.be\/wp-content\/uploads\/2016\/03\/12mars18.docx\" target=\"_blank\" rel=\"noopener noreferrer\">12 mars 2018<\/a><\/p>\n<p>Compte rendu<a href=\"https:\/\/liege.aftt.be\/wp-content\/uploads\/2016\/03\/07f\u00e9v18.docx\" target=\"_blank\" rel=\"noopener noreferrer\">\u00a007 f\u00e9vrier 2018<\/a><\/p>\n<p>Compte rendu <a href=\"https:\/\/liege.aftt.be\/wp-content\/uploads\/2016\/03\/08janv18.docx\" target=\"_blank\" rel=\"noopener noreferrer\">08 janvier 2018<\/a><\/p>\n<p>Compte rendu<a href=\"https:\/\/liege.aftt.be\/wp-content\/uploads\/2016\/03\/11d\u00e9c17.pdf\" target=\"_blank\" rel=\"noopener noreferrer\">\u00a011 d\u00e9cembre 2017<\/a><\/p>\n<p>Compte rendu\u00a0<a href=\"https:\/\/liege.aftt.be\/wp-content\/uploads\/2016\/03\/13nov.pdf\">13 novembre 2017<\/a><\/p>\n<p>Compte rendu <a href=\"https:\/\/liege.aftt.be\/wp-content\/uploads\/2016\/03\/09oct.pdf\" target=\"_blank\" rel=\"noopener noreferrer\">09 octobre 2017<\/a><\/p>\n<p>Compte rendu <a href=\"https:\/\/liege.aftt.be\/wp-content\/uploads\/2016\/03\/05sep17.pdf\" target=\"_blank\" rel=\"noopener noreferrer\">05 septembre 2017<\/a><\/p>\n<p>Compte rendu <a href=\"https:\/\/liege.aftt.be\/wp-content\/uploads\/2016\/03\/Rapport-de-la-r\u00e9union-du-2017-08-08-1.pdf\" target=\"_blank\" rel=\"noopener noreferrer\">08 ao\u00fbt 2017<\/a><\/p>\n<p><strong>Saison 2016-2017<\/strong><\/p>\n<p>Compte rendu <a href=\"https:\/\/liege.aftt.be\/wp-content\/uploads\/2016\/03\/13-juin.doc\" target=\"_blank\" rel=\"noopener noreferrer\">13 juin 2017<\/a><\/p>\n<p>Compte rendu\u00a0<a href=\"https:\/\/liege.aftt.be\/wp-content\/uploads\/2016\/03\/cpl20170509.pdf\" target=\"_blank\" rel=\"noopener noreferrer\">9 mai 2017<\/a><\/p>\n<p>Compte rendu\u00a0<a href=\"https:\/\/liege.aftt.be\/wp-content\/uploads\/2016\/03\/cpl20170404.pdf\" target=\"_blank\" rel=\"noopener noreferrer\">4 avril 2017<\/a><\/p>\n<p>Compte rendu <a href=\"https:\/\/liege.aftt.be\/wp-content\/uploads\/2016\/03\/cpl20170314.pdf\" target=\"_blank\" rel=\"noopener noreferrer\">14 mars 2017<\/a><\/p>\n<p>Compte rendu\u00a0<a href=\"https:\/\/liege.aftt.be\/wp-content\/uploads\/2017\/02\/cpl20170207.pdf\" target=\"_blank\" rel=\"noopener noreferrer\">7 f\u00e9vrier 2017<\/a><\/p>\n<p>Compte rendu <a href=\"https:\/\/liege.aftt.be\/wp-content\/uploads\/2016\/03\/cpl20170110.pdf\" target=\"_blank\" rel=\"noopener noreferrer\">10 janvier 2017<\/a><\/p>\n<p>Compte rendu <a href=\"https:\/\/liege.aftt.be\/wp-content\/uploads\/2016\/03\/cpl20161212.pdf\" target=\"_blank\" rel=\"noopener noreferrer\">12 d\u00e9cembre 2016<\/a><\/p>\n<p>Compte rendu <a href=\"https:\/\/liege.aftt.be\/wp-content\/uploads\/2016\/03\/cpl20161108.pdf\" rel=\"\">08 novembre 2016<\/a><\/p>\n<p>Compte rendu <a href=\"https:\/\/liege.aftt.be\/wp-content\/uploads\/2016\/03\/cpl20161011.pdf\" target=\"_blank\" rel=\"noopener noreferrer\">11 octobre 2016<\/a><\/p>\n<p>Compte rendu\u00a0<a href=\"https:\/\/liege.aftt.be\/wp-content\/uploads\/2016\/03\/CP-13-09-Compte-rendu.pdf\" target=\"_blank\" rel=\"noopener noreferrer\">13 septembre 2016<\/a><\/p>\n<p>Compte rendu <a href=\"https:\/\/liege.aftt.be\/wp-content\/uploads\/2016\/03\/cpl20160809.pdf\" target=\"_blank\" rel=\"noopener noreferrer\">09 aout 2016<\/a><\/p>\n\n","protected":false},"excerpt":{"rendered":"<p>Saison 2025-2026 Compte rendu14-07-2025\u00a0 Compte rendu 01-09-25 Saison 2024-2025 Compte rendu 12-05-2025 Compte rendu 13-04-2025 Compte rendu 10-03-2025 Compte rendu 13-01-2025 Compte rendu 9-12-2024 Compte rendu 14-10-2024 Assembl\u00e9e Provinciale 2 octobre 2024 Rapport Compte rendu 16-septembre-2024 Compte rendu 05 ao\u00fbt 2024 Saison 2023-2024 Proc\u00e8s verbal assembl\u00e9e g\u00e9n\u00e9rale 23 mai 2024 Compte rendu 13 mai 2024 Compte rendu 8 avril 2024<\/p>\n","protected":false},"author":1,"featured_media":0,"parent":510,"menu_order":0,"comment_status":"closed","ping_status":"closed","template":"","meta":{"footnotes":""},"_links":{"self":[{"href":"https:\/\/liege.aftt.be\/index.php\/wp-json\/wp\/v2\/pages\/24"}],"collection":[{"href":"https:\/\/liege.aftt.be\/index.php\/wp-json\/wp\/v2\/pages"}],"about":[{"href":"https:\/\/liege.aftt.be\/index.php\/wp-json\/wp\/v2\/types\/page"}],"author":[{"embeddable":true,"href":"https:\/\/liege.aftt.be\/index.php\/wp-json\/wp\/v2\/users\/1"}],"replies":[{"embeddable":true,"href":"https:\/\/liege.aftt.be\/index.php\/wp-json\/wp\/v2\/comments?post=24"}],"version-history":[{"count":107,"href":"https:\/\/liege.aftt.be\/index.php\/wp-json\/wp\/v2\/pages\/24\/revisions"}],"predecessor-version":[{"id":4712,"href":"https:\/\/liege.aftt.be\/index.php\/wp-json\/wp\/v2\/pages\/24\/revisions\/4712"}],"up":[{"embeddable":true,"href":"https:\/\/liege.aftt.be\/index.php\/wp-json\/wp\/v2\/pages\/510"}],"wp:attachment":[{"href":"https:\/\/liege.aftt.be\/index.php\/wp-json\/wp\/v2\/media?parent=24"}],"curies":[{"name":"wp","href":"https:\/\/api.w.org\/{rel}","templated":true}]}}